{"id":782,"date":"2020-11-13T11:52:39","date_gmt":"2020-11-13T10:52:39","guid":{"rendered":"http:\/\/test.ddmsikula.cz\/?page_id=782"},"modified":"2021-01-27T15:29:29","modified_gmt":"2021-01-27T14:29:29","slug":"ochrana-osobnich-udaju","status":"publish","type":"page","link":"https:\/\/ddmsikula.cz\/index.php\/ochrana-osobnich-udaju\/","title":{"rendered":"Ochrana osobn\u00edch \u00fadaj\u016f"},"content":{"rendered":"<div  style='padding-bottom:10px; ' class='av-special-heading av-special-heading-h3    avia-builder-el-0  el_before_av_one_full  avia-builder-el-first  '><h3 class='av-special-heading-tag '  itemprop=\"headline\"  >Ochrana osobn\u00edch \u00fadaj\u016f<\/h3><div class='special-heading-border'><div class='special-heading-inner-border' ><\/div><\/div><\/div>\n<div class=\"flex_column av_one_full  flex_column_div av-zero-column-padding first  avia-builder-el-1  el_after_av_heading  el_before_av_iconlist  \" style='border-radius:0px; '><section class=\"av_textblock_section \"  itemscope=\"itemscope\" itemtype=\"https:\/\/schema.org\/CreativeWork\" ><div class='avia_textblock  '   itemprop=\"text\" ><p>V&nbsp;r\u00e1mci akc\u00ed po\u0159\u00e1dan\u00fdch p\u0159\u00edsp\u011bvkovou organizac\u00ed DDM Uh. Hradi\u0161t\u011b budou po\u0159izov\u00e1ny obrazov\u00e9 a zvukov\u00e9 z\u00e1znamy za \u00fa\u010delem prezentace organiz\u00e1tora akce. P\u0159\u00edsp\u011bvkov\u00e1 organizace DDM Uh. Hradi\u0161t\u011b nenese odpov\u011bdnost za z\u00e1znamy po\u0159\u00edzen\u00e9 a\u00a0zve\u0159ejn\u011bn\u00e9 jin\u00fdmi subjekty. P\u0159i nesouhlasu s&nbsp;uve\u0159ej\u0148ov\u00e1n\u00edm fotodokumentace na webov\u00fdch str\u00e1nk\u00e1ch a facebooku se obra\u0165te na veden\u00ed DDM Uh. Hradi\u0161t\u011b.<\/p>\n<\/div><\/section><\/div>\n<div  class='avia-icon-list-container   avia-builder-el-3  el_after_av_one_full  avia-builder-el-last '><ul class='avia-icon-list avia-icon-list-left av-iconlist-big avia_animate_when_almost_visible avia-iconlist-animate'>\n<li><a href='http:\/\/ddmsikula.cz\/wp-content\/uploads\/2020\/11\/obecne_informace_o_zpracovani_osobnich_udaju.pdf' title=''  target=\"_blank\"  rel=\"noopener noreferrer\"  style='background-color:#209740; ' class='iconlist_icon  avia-font-entypo-fontello'><span class='iconlist-char ' aria-hidden='true' data-av_icon='\ue82d' data-av_iconfont='entypo-fontello'><\/span><\/a><article class=\"article-icon-entry \"  itemscope=\"itemscope\" itemtype=\"https:\/\/schema.org\/CreativeWork\" ><div class='iconlist_content_wrap'><header class=\"entry-content-header\"><\/header><div class='iconlist_content  '  itemprop=\"text\"  ><p>Obecn\u00e9 informace o zpracov\u00e1n\u00ed osobn\u00edch \u00fadaj\u016f<\/p>\n<\/div><\/div><footer class=\"entry-footer\"><\/footer><\/article><div class='iconlist-timeline'><\/div><\/li>\n<li><a href='http:\/\/ddmsikula.cz\/wp-content\/uploads\/2020\/11\/vykon_prav_subjektu_udaju.pdf' title=''  target=\"_blank\"  rel=\"noopener noreferrer\"  style='background-color:#209740; ' class='iconlist_icon  avia-font-entypo-fontello'><span class='iconlist-char ' aria-hidden='true' data-av_icon='\ue82d' data-av_iconfont='entypo-fontello'><\/span><\/a><article class=\"article-icon-entry \"  itemscope=\"itemscope\" itemtype=\"https:\/\/schema.org\/CreativeWork\" ><div class='iconlist_content_wrap'><header class=\"entry-content-header\"><\/header><div class='iconlist_content  '  itemprop=\"text\"  ><p>V\u00fdkon pr\u00e1v subjekt\u016f \u00fadaj\u016f<\/p>\n<\/div><\/div><footer class=\"entry-footer\"><\/footer><\/article><div class='iconlist-timeline'><\/div><\/li>\n<li><a href='http:\/\/ddmsikula.cz\/wp-content\/uploads\/2020\/11\/souhlas_dospeli_se_zpracovanim_osobnich_udaju.pdf' title=''  target=\"_blank\"  rel=\"noopener noreferrer\"  style='background-color:#209740; ' class='iconlist_icon  avia-font-entypo-fontello'><span class='iconlist-char ' aria-hidden='true' data-av_icon='\ue82d' data-av_iconfont='entypo-fontello'><\/span><\/a><article class=\"article-icon-entry \"  itemscope=\"itemscope\" itemtype=\"https:\/\/schema.org\/CreativeWork\" ><div class='iconlist_content_wrap'><header class=\"entry-content-header\"><\/header><div class='iconlist_content  '  itemprop=\"text\"  ><p>Souhlas se zpracov\u00e1n\u00edm osobn\u00edch \u00fadaj\u016f &#8211; dosp\u011bl\u00ed<\/p>\n<\/div><\/div><footer class=\"entry-footer\"><\/footer><\/article><div class='iconlist-timeline'><\/div><\/li>\n<li><a href='http:\/\/ddmsikula.cz\/wp-content\/uploads\/2020\/11\/souhlas_deti_se_zpracovanim_osobnich_udaju.pdf' title=''  target=\"_blank\"  rel=\"noopener noreferrer\"  style='background-color:#209740; ' class='iconlist_icon  avia-font-entypo-fontello'><span class='iconlist-char ' aria-hidden='true' data-av_icon='\ue82d' data-av_iconfont='entypo-fontello'><\/span><\/a><article class=\"article-icon-entry \"  itemscope=\"itemscope\" itemtype=\"https:\/\/schema.org\/CreativeWork\" ><div class='iconlist_content_wrap'><header class=\"entry-content-header\"><\/header><div class='iconlist_content  '  itemprop=\"text\"  ><p>Souhlas se zpracov\u00e1n\u00edm osobn\u00edch \u00fadaj\u016f &#8211; d\u011bti<\/p>\n<\/div><\/div><footer class=\"entry-footer\"><\/footer><\/article><div class='iconlist-timeline'><\/div><\/li>\n<\/ul><\/div>\n","protected":false},"excerpt":{"rendered":"","protected":false},"author":1,"featured_media":0,"parent":0,"menu_order":0,"comment_status":"closed","ping_status":"closed","template":"","meta":[],"_links":{"self":[{"href":"https:\/\/ddmsikula.cz\/index.php\/wp-json\/wp\/v2\/pages\/782"}],"collection":[{"href":"https:\/\/ddmsikula.cz\/index.php\/wp-json\/wp\/v2\/pages"}],"about":[{"href":"https:\/\/ddmsikula.cz\/index.php\/wp-json\/wp\/v2\/types\/page"}],"author":[{"embeddable":true,"href":"https:\/\/ddmsikula.cz\/index.php\/wp-json\/wp\/v2\/users\/1"}],"replies":[{"embeddable":true,"href":"https:\/\/ddmsikula.cz\/index.php\/wp-json\/wp\/v2\/comments?post=782"}],"version-history":[{"count":4,"href":"https:\/\/ddmsikula.cz\/index.php\/wp-json\/wp\/v2\/pages\/782\/revisions"}],"predecessor-version":[{"id":1198,"href":"https:\/\/ddmsikula.cz\/index.php\/wp-json\/wp\/v2\/pages\/782\/revisions\/1198"}],"wp:attachment":[{"href":"https:\/\/ddmsikula.cz\/index.php\/wp-json\/wp\/v2\/media?parent=782"}],"curies":[{"name":"wp","href":"https:\/\/api.w.org\/{rel}","templated":true}]}}