{"id":745,"date":"2020-09-18T11:02:50","date_gmt":"2020-09-18T09:02:50","guid":{"rendered":"http:\/\/test.ddmsikula.cz\/?page_id=745"},"modified":"2025-12-09T20:38:18","modified_gmt":"2025-12-09T19:38:18","slug":"dokumenty","status":"publish","type":"page","link":"https:\/\/ddmsikula.cz\/index.php\/dokumenty\/","title":{"rendered":"Dokumenty"},"content":{"rendered":"<div class=\"flex_column av_one_full  flex_column_div av-zero-column-padding first  avia-builder-el-0  el_before_av_one_half  avia-builder-el-first  \" style='border-radius:0px; '><div  style='padding-bottom:10px; ' class='av-special-heading av-special-heading-h3    avia-builder-el-1  avia-builder-el-no-sibling  '><h3 class='av-special-heading-tag '  itemprop=\"headline\"  >Dokumenty<\/h3><div class='special-heading-border'><div class='special-heading-inner-border' ><\/div><\/div><\/div><\/div>\n<div class=\"flex_column av_one_half  flex_column_div av-zero-column-padding first  avia-builder-el-2  el_after_av_one_full  el_before_av_one_half  column-top-margin\" style='border-radius:0px; '><div  class='avia-icon-list-container   avia-builder-el-3  avia-builder-el-no-sibling '><ul class='avia-icon-list avia-icon-list-left av-iconlist-big avia_animate_when_almost_visible avia-iconlist-animate'>\n<li><a href='http:\/\/ddmsikula.cz\/wp-content\/uploads\/2025\/11\/ORGANIZACNI__RAD__2013_k_1._10._2025.pdf' title=''  target=\"_blank\"  rel=\"noopener noreferrer\"  style='background-color:#209740; ' class='iconlist_icon  avia-font-entypo-fontello'><span class='iconlist-char ' aria-hidden='true' data-av_icon='\ue82d' data-av_iconfont='entypo-fontello'><\/span><\/a><article class=\"article-icon-entry \"  itemscope=\"itemscope\" itemtype=\"https:\/\/schema.org\/CreativeWork\" ><div class='iconlist_content_wrap'><header class=\"entry-content-header\"><\/header><div class='iconlist_content  '  itemprop=\"text\"   style='font-size:14px; '><p>Organiza\u010dn\u00ed \u0159\u00e1d<\/p>\n<\/div><\/div><footer class=\"entry-footer\"><\/footer><\/article><div class='iconlist-timeline'><\/div><\/li>\n<li><a href='http:\/\/ddmsikula.cz\/wp-content\/uploads\/2025\/11\/provozni_rad_DDM_2025.pdf' title=''  target=\"_blank\"  rel=\"noopener noreferrer\"  style='background-color:#209740; ' class='iconlist_icon  avia-font-entypo-fontello'><span class='iconlist-char ' aria-hidden='true' data-av_icon='\ue82d' data-av_iconfont='entypo-fontello'><\/span><\/a><article class=\"article-icon-entry \"  itemscope=\"itemscope\" itemtype=\"https:\/\/schema.org\/CreativeWork\" ><div class='iconlist_content_wrap'><header class=\"entry-content-header\"><\/header><div class='iconlist_content  '  itemprop=\"text\"   style='font-size:14px; '><p>Provozn\u00ed \u0159\u00e1d<\/p>\n<\/div><\/div><footer class=\"entry-footer\"><\/footer><\/article><div class='iconlist-timeline'><\/div><\/li>\n<li><a href='http:\/\/ddmsikula.cz\/wp-content\/uploads\/2025\/11\/VNITRNI____RAD_1._9.__2025.pdf' title=''  target=\"_blank\"  rel=\"noopener noreferrer\"  style='background-color:#209740; ' class='iconlist_icon  avia-font-entypo-fontello'><span class='iconlist-char ' aria-hidden='true' data-av_icon='\ue82d' data-av_iconfont='entypo-fontello'><\/span><\/a><article class=\"article-icon-entry \"  itemscope=\"itemscope\" itemtype=\"https:\/\/schema.org\/CreativeWork\" ><div class='iconlist_content_wrap'><header class=\"entry-content-header\"><\/header><div class='iconlist_content  '  itemprop=\"text\"   style='font-size:14px; '><p>Vnit\u0159n\u00ed \u0159\u00e1d<\/p>\n<\/div><\/div><footer class=\"entry-footer\"><\/footer><\/article><div class='iconlist-timeline'><\/div><\/li>\n<li><a href='http:\/\/ddmsikula.cz\/wp-content\/uploads\/2024\/09\/Priloha_k_vnitrnimu_radu_-_aktualizace_k_1.9.2024-2.pdf' title=''  target=\"_blank\"  rel=\"noopener noreferrer\"  style='background-color:#209740; ' class='iconlist_icon  avia-font-entypo-fontello'><span class='iconlist-char ' aria-hidden='true' data-av_icon='\ue82d' data-av_iconfont='entypo-fontello'><\/span><\/a><article class=\"article-icon-entry \"  itemscope=\"itemscope\" itemtype=\"https:\/\/schema.org\/CreativeWork\" ><div class='iconlist_content_wrap'><header class=\"entry-content-header\"><\/header><div class='iconlist_content  '  itemprop=\"text\"   style='font-size:14px; '><p>P\u0159\u00edloha \u010d.1 Vnit\u0159n\u00edho \u0159\u00e1du<\/p>\n<\/div><\/div><footer class=\"entry-footer\"><\/footer><\/article><div class='iconlist-timeline'><\/div><\/li>\n<li><a href='http:\/\/ddmsikula.cz\/wp-content\/uploads\/2025\/11\/fakturacni_udaje_ddm.pdf' title=''  target=\"_blank\"  rel=\"noopener noreferrer\"  style='background-color:#209740; ' class='iconlist_icon  avia-font-entypo-fontello'><span class='iconlist-char ' aria-hidden='true' data-av_icon='\ue82d' data-av_iconfont='entypo-fontello'><\/span><\/a><article class=\"article-icon-entry \"  itemscope=\"itemscope\" itemtype=\"https:\/\/schema.org\/CreativeWork\" ><div class='iconlist_content_wrap'><header class=\"entry-content-header\"><\/header><div class='iconlist_content  '  itemprop=\"text\"   style='font-size:14px; '><p>Faktura\u010dn\u00ed \u00fadaje<\/p>\n<\/div><\/div><footer class=\"entry-footer\"><\/footer><\/article><div class='iconlist-timeline'><\/div><\/li>\n<li><a href='https:\/\/ddmsikula.cz\/index.php\/ochrana-osobnich-udaju\/' title=''   style='background-color:#209740; ' class='iconlist_icon  avia-font-entypo-fontello'><span class='iconlist-char ' aria-hidden='true' data-av_icon='\ue82d' data-av_iconfont='entypo-fontello'><\/span><\/a><article class=\"article-icon-entry \"  itemscope=\"itemscope\" itemtype=\"https:\/\/schema.org\/CreativeWork\" ><div class='iconlist_content_wrap'><header class=\"entry-content-header\"><\/header><div class='iconlist_content  '  itemprop=\"text\"   style='font-size:14px; '><p>GDPR<\/p>\n<\/div><\/div><footer class=\"entry-footer\"><\/footer><\/article><div class='iconlist-timeline'><\/div><\/li>\n<li><a href='http:\/\/ddmsikula.cz\/wp-content\/uploads\/2025\/07\/Whistleblowing_-_ochrana_oznamovatelu_protipravniho_jednani.pdf' title=''  target=\"_blank\"  rel=\"noopener noreferrer\"  style='background-color:#209740; ' class='iconlist_icon  avia-font-entypo-fontello'><span class='iconlist-char ' aria-hidden='true' data-av_icon='\ue82d' data-av_iconfont='entypo-fontello'><\/span><\/a><article class=\"article-icon-entry \"  itemscope=\"itemscope\" itemtype=\"https:\/\/schema.org\/CreativeWork\" ><div class='iconlist_content_wrap'><header class=\"entry-content-header\"><\/header><div class='iconlist_content  '  itemprop=\"text\"   style='font-size:14px; '><p>Ozn\u00e1men\u00ed protipr\u00e1vn\u00edho jedn\u00e1n\u00ed<\/p>\n<\/div><\/div><footer class=\"entry-footer\"><\/footer><\/article><div class='iconlist-timeline'><\/div><\/li>\n<li><a href='http:\/\/ddmsikula.cz\/wp-content\/uploads\/2025\/11\/VS_o_organizaci_skolniho_roku_2025-26.pdf' title=''  target=\"_blank\"  rel=\"noopener noreferrer\"  style='background-color:#209740; ' class='iconlist_icon  avia-font-entypo-fontello'><span class='iconlist-char ' aria-hidden='true' data-av_icon='\ue82d' data-av_iconfont='entypo-fontello'><\/span><\/a><article class=\"article-icon-entry \"  itemscope=\"itemscope\" itemtype=\"https:\/\/schema.org\/CreativeWork\" ><div class='iconlist_content_wrap'><header class=\"entry-content-header\"><\/header><div class='iconlist_content  '  itemprop=\"text\"   style='font-size:14px; '><p>Organizace \u0161koln\u00edho roku 2025-26<\/p>\n<\/div><\/div><footer class=\"entry-footer\"><\/footer><\/article><div class='iconlist-timeline'><\/div><\/li>\n<li><a href='http:\/\/ddmsikula.cz\/wp-content\/uploads\/2025\/11\/vnitrni_predpis_o_svobodnem_pristupu_k_informacim_2025.pdf' title=''  target=\"_blank\"  rel=\"noopener noreferrer\"  style='background-color:#209740; ' class='iconlist_icon  avia-font-entypo-fontello'><span class='iconlist-char ' aria-hidden='true' data-av_icon='\ue82d' data-av_iconfont='entypo-fontello'><\/span><\/a><article class=\"article-icon-entry \"  itemscope=\"itemscope\" itemtype=\"https:\/\/schema.org\/CreativeWork\" ><div class='iconlist_content_wrap'><header class=\"entry-content-header\"><\/header><div class='iconlist_content  '  itemprop=\"text\"   style='font-size:14px; '><p>Vnit\u0159n\u00ed sm\u011brnice o organizaci \u0161koln\u00edho roku 2025\/2026<\/p>\n<\/div><\/div><footer class=\"entry-footer\"><\/footer><\/article><div class='iconlist-timeline'><\/div><\/li>\n<\/ul><\/div><\/div>\n<div class=\"flex_column av_one_half  flex_column_div av-zero-column-padding   avia-builder-el-4  el_after_av_one_half  avia-builder-el-last  column-top-margin\" style='border-radius:0px; '><div  class='avia-icon-list-container   avia-builder-el-5  avia-builder-el-no-sibling '><ul class='avia-icon-list avia-icon-list-left av-iconlist-big avia_animate_when_almost_visible avia-iconlist-animate'>\n<li><a href='http:\/\/ddmsikula.cz\/wp-content\/uploads\/2025\/11\/vnitrni_predpis_o_svobodnem_pristupu_k_informacim_2025.pdf' title=''  target=\"_blank\"  rel=\"noopener noreferrer\"  style='background-color:#209740; ' class='iconlist_icon  avia-font-entypo-fontello'><span class='iconlist-char ' aria-hidden='true' data-av_icon='\ue82d' data-av_iconfont='entypo-fontello'><\/span><\/a><article class=\"article-icon-entry \"  itemscope=\"itemscope\" itemtype=\"https:\/\/schema.org\/CreativeWork\" ><div class='iconlist_content_wrap'><header class=\"entry-content-header\"><\/header><div class='iconlist_content  '  itemprop=\"text\"   style='font-size:14px; '><p>Vnit\u0159n\u00ed p\u0159edpis DDM o svobodn\u00e9m p\u0159\u00edstupu k&nbsp;informac\u00edm<\/p>\n<\/div><\/div><footer class=\"entry-footer\"><\/footer><\/article><div class='iconlist-timeline'><\/div><\/li>\n<li><a href='http:\/\/ddmsikula.cz\/wp-content\/uploads\/2025\/11\/15.Dum_deti_a_mladeze_Uherske_Hradiste_J.E.Purkyne_494_-_zverejneni_navrhu_rozpoctu_a_strednedobeho_vyhledu.pdf' title=''  target=\"_blank\"  rel=\"noopener noreferrer\"  style='background-color:#209740; ' class='iconlist_icon  avia-font-entypo-fontello'><span class='iconlist-char ' aria-hidden='true' data-av_icon='\ue82d' data-av_iconfont='entypo-fontello'><\/span><\/a><article class=\"article-icon-entry \"  itemscope=\"itemscope\" itemtype=\"https:\/\/schema.org\/CreativeWork\" ><div class='iconlist_content_wrap'><header class=\"entry-content-header\"><\/header><div class='iconlist_content  '  itemprop=\"text\"   style='font-size:14px; '><p>N\u00e1vrh rozpo\u010dtu na rok 2026 a st\u0159edn\u011bdob\u00e9ho v\u00fdhledu do roku 2028<\/p>\n<\/div><\/div><footer class=\"entry-footer\"><\/footer><\/article><div class='iconlist-timeline'><\/div><\/li>\n<li><a href='http:\/\/ddmsikula.cz\/wp-content\/uploads\/2025\/12\/vyrocni_zprava_2024-25.pdf' title=''  target=\"_blank\"  rel=\"noopener noreferrer\"  style='background-color:#209740; ' class='iconlist_icon  avia-font-entypo-fontello'><span class='iconlist-char ' aria-hidden='true' data-av_icon='\ue82d' data-av_iconfont='entypo-fontello'><\/span><\/a><article class=\"article-icon-entry \"  itemscope=\"itemscope\" itemtype=\"https:\/\/schema.org\/CreativeWork\" ><div class='iconlist_content_wrap'><header class=\"entry-content-header\"><\/header><div class='iconlist_content  '  itemprop=\"text\"   style='font-size:14px; '><p>V\u00fdro\u010dn\u00ed zpr\u00e1va 2024-2025<\/p>\n<\/div><\/div><footer class=\"entry-footer\"><\/footer><\/article><div class='iconlist-timeline'><\/div><\/li>\n<li><a href='http:\/\/ddmsikula.cz\/wp-content\/uploads\/2025\/01\/vyrocni_zprava_2023-24.pdf' title=''  target=\"_blank\"  rel=\"noopener noreferrer\"  style='background-color:#209740; ' class='iconlist_icon  avia-font-entypo-fontello'><span class='iconlist-char ' aria-hidden='true' data-av_icon='\ue82d' data-av_iconfont='entypo-fontello'><\/span><\/a><article class=\"article-icon-entry \"  itemscope=\"itemscope\" itemtype=\"https:\/\/schema.org\/CreativeWork\" ><div class='iconlist_content_wrap'><header class=\"entry-content-header\"><\/header><div class='iconlist_content  '  itemprop=\"text\"   style='font-size:14px; '><p>V\u00fdro\u010dn\u00ed zpr\u00e1va 2023-2024<\/p>\n<\/div><\/div><footer class=\"entry-footer\"><\/footer><\/article><div class='iconlist-timeline'><\/div><\/li>\n<li><a href='http:\/\/ddmsikula.cz\/wp-content\/uploads\/2023\/11\/vyrocni_zprava_2022-23-1.pdf' title=''  target=\"_blank\"  rel=\"noopener noreferrer\"  style='background-color:#209740; ' class='iconlist_icon  avia-font-entypo-fontello'><span class='iconlist-char ' aria-hidden='true' data-av_icon='\ue82d' data-av_iconfont='entypo-fontello'><\/span><\/a><article class=\"article-icon-entry \"  itemscope=\"itemscope\" itemtype=\"https:\/\/schema.org\/CreativeWork\" ><div class='iconlist_content_wrap'><header class=\"entry-content-header\"><\/header><div class='iconlist_content  '  itemprop=\"text\"   style='font-size:14px; '><p>V\u00fdro\u010dn\u00ed zpr\u00e1va 2022-2023<\/p>\n<\/div><\/div><footer class=\"entry-footer\"><\/footer><\/article><div class='iconlist-timeline'><\/div><\/li>\n<li><a href='http:\/\/ddmsikula.cz\/wp-content\/uploads\/2023\/01\/vyrocni_zprava_2021-22.pdf' title=''  target=\"_blank\"  rel=\"noopener noreferrer\"  style='background-color:#209740; ' class='iconlist_icon  avia-font-entypo-fontello'><span class='iconlist-char ' aria-hidden='true' data-av_icon='\ue82d' data-av_iconfont='entypo-fontello'><\/span><\/a><article class=\"article-icon-entry \"  itemscope=\"itemscope\" itemtype=\"https:\/\/schema.org\/CreativeWork\" ><div class='iconlist_content_wrap'><header class=\"entry-content-header\"><\/header><div class='iconlist_content  '  itemprop=\"text\"   style='font-size:14px; '><p>V\u00fdro\u010dn\u00ed zpr\u00e1va 2021-2022<\/p>\n<\/div><\/div><footer class=\"entry-footer\"><\/footer><\/article><div class='iconlist-timeline'><\/div><\/li>\n<li><a href='http:\/\/ddmsikula.cz\/wp-content\/uploads\/2025\/11\/SVP__DDM__UH_-_2025.pdf' title=''  target=\"_blank\"  rel=\"noopener noreferrer\"  style='background-color:#209740; ' class='iconlist_icon  avia-font-entypo-fontello'><span class='iconlist-char ' aria-hidden='true' data-av_icon='\ue82d' data-av_iconfont='entypo-fontello'><\/span><\/a><article class=\"article-icon-entry \"  itemscope=\"itemscope\" itemtype=\"https:\/\/schema.org\/CreativeWork\" ><div class='iconlist_content_wrap'><header class=\"entry-content-header\"><\/header><div class='iconlist_content  '  itemprop=\"text\"   style='font-size:14px; '><p>\u0160koln\u00ed vzd\u011bl\u00e1vac\u00ed program (\u0160VP)<\/p>\n<\/div><\/div><footer class=\"entry-footer\"><\/footer><\/article><div class='iconlist-timeline'><\/div><\/li>\n<\/ul><\/div><\/div>\n","protected":false},"excerpt":{"rendered":"","protected":false},"author":1,"featured_media":0,"parent":0,"menu_order":0,"comment_status":"closed","ping_status":"closed","template":"","meta":[],"_links":{"self":[{"href":"https:\/\/ddmsikula.cz\/index.php\/wp-json\/wp\/v2\/pages\/745"}],"collection":[{"href":"https:\/\/ddmsikula.cz\/index.php\/wp-json\/wp\/v2\/pages"}],"about":[{"href":"https:\/\/ddmsikula.cz\/index.php\/wp-json\/wp\/v2\/types\/page"}],"author":[{"embeddable":true,"href":"https:\/\/ddmsikula.cz\/index.php\/wp-json\/wp\/v2\/users\/1"}],"replies":[{"embeddable":true,"href":"https:\/\/ddmsikula.cz\/index.php\/wp-json\/wp\/v2\/comments?post=745"}],"version-history":[{"count":48,"href":"https:\/\/ddmsikula.cz\/index.php\/wp-json\/wp\/v2\/pages\/745\/revisions"}],"predecessor-version":[{"id":4092,"href":"https:\/\/ddmsikula.cz\/index.php\/wp-json\/wp\/v2\/pages\/745\/revisions\/4092"}],"wp:attachment":[{"href":"https:\/\/ddmsikula.cz\/index.php\/wp-json\/wp\/v2\/media?parent=745"}],"curies":[{"name":"wp","href":"https:\/\/api.w.org\/{rel}","templated":true}]}}