{"id":708,"date":"2020-09-18T08:48:47","date_gmt":"2020-09-18T06:48:47","guid":{"rendered":"http:\/\/test.ddmsikula.cz\/?page_id=708"},"modified":"2026-01-30T20:50:16","modified_gmt":"2026-01-30T19:50:16","slug":"diakonie","status":"publish","type":"page","link":"https:\/\/ddmsikula.cz\/index.php\/diakonie\/","title":{"rendered":"Pobo\u010dka Mari\u00e1nsk\u00e9 n\u00e1m\u011bst\u00ed"},"content":{"rendered":"<div class=\"flex_column av_three_fourth  flex_column_div av-zero-column-padding first  avia-builder-el-0  el_before_av_one_fourth  avia-builder-el-first  \" style='border-radius:0px; '><p><div  style='padding-bottom:10px; ' class='av-special-heading av-special-heading-h3    avia-builder-el-1  el_before_av_textblock  avia-builder-el-first  '><h3 class='av-special-heading-tag '  itemprop=\"headline\"  >Pobo\u010dka Mari\u00e1nsk\u00e9 n\u00e1m. 71<\/h3><div class='special-heading-border'><div class='special-heading-inner-border' ><\/div><\/div><\/div><br \/>\n<section class=\"av_textblock_section \"  itemscope=\"itemscope\" itemtype=\"https:\/\/schema.org\/CreativeWork\" ><div class='avia_textblock  '   itemprop=\"text\" ><p>Pobo\u010dka Mari\u00e1nsk\u00e9 n\u00e1m. 71 v\u00a0Uh. Hradi\u0161ti, b\u00fdval\u00e1 prodejna dom\u00e1c\u00edch pot\u0159eb v\u00a01.&nbsp;pat\u0159e. V\u00a0p\u0159\u00edzem\u00ed se nach\u00e1z\u00ed prodejna second hand.<\/p>\n<p>Zrcadlov\u00fd s\u00e1l je vhodn\u00fd zejm\u00e9na pro tane\u010dn\u00ed a sportovn\u00ed aktivity (aerobic, balet, modern\u00ed tanec, Tai chi , pilates,\u2026), ale tak\u00e9 pro kluby d\u011bt\u00ed a maminek, r\u016fzn\u00e9 besedy a semin\u00e1\u0159e. Sou\u010d\u00e1st\u00ed je mal\u00e1 kuchy\u0148ka, \u0161atna a soci\u00e1ln\u00ed za\u0159\u00edzen\u00ed.<\/p>\n<\/div><\/section><br \/>\n<div  class='avia-gallery  avia-gallery-1 avia_lazyload avia-gallery-animate avia_animate_when_visible  avia-builder-el-3  el_after_av_textblock  avia-builder-el-last '  itemprop=\"image\" itemscope=\"itemscope\" itemtype=\"https:\/\/schema.org\/ImageObject\" ><div class='avia-gallery-thumb'> <a href='https:\/\/ddmsikula.cz\/wp-content\/uploads\/2026\/01\/marian_n-1-1030x773.jpg' data-rel='gallery-1' data-prev-img='https:\/\/ddmsikula.cz\/wp-content\/uploads\/2026\/01\/marian_n-1-495x400.jpg' class='first_thumb lightbox ' data-onclick='1' title='marian_n'  itemprop=\"thumbnailUrl\"  ><img class=\"wp-image-4203 avia-img-lazy-loading-not-4203\"   src=\"https:\/\/ddmsikula.cz\/wp-content\/uploads\/2026\/01\/marian_n-1-495x400.jpg\" width=\"495\" height=\"400\"  title='marian_n' alt='' srcset=\"https:\/\/ddmsikula.cz\/wp-content\/uploads\/2026\/01\/marian_n-1-495x400.jpg 495w, https:\/\/ddmsikula.cz\/wp-content\/uploads\/2026\/01\/marian_n-1-845x684.jpg 845w\" sizes=\"(max-width: 495px) 100vw, 495px\" \/><\/a> <a href='https:\/\/ddmsikula.cz\/wp-content\/uploads\/2026\/01\/Marianske-1-1030x773.jpg' data-rel='gallery-1' data-prev-img='https:\/\/ddmsikula.cz\/wp-content\/uploads\/2026\/01\/Marianske-1-495x400.jpg' class='lightbox ' data-onclick='2' title='Marianske'  itemprop=\"thumbnailUrl\"  ><img class=\"wp-image-4205 avia-img-lazy-loading-not-4205\"   src=\"https:\/\/ddmsikula.cz\/wp-content\/uploads\/2026\/01\/Marianske-1-495x400.jpg\" width=\"495\" height=\"400\"  title='Marianske' alt='' srcset=\"https:\/\/ddmsikula.cz\/wp-content\/uploads\/2026\/01\/Marianske-1-495x400.jpg 495w, https:\/\/ddmsikula.cz\/wp-content\/uploads\/2026\/01\/Marianske-1-845x684.jpg 845w\" sizes=\"(max-width: 495px) 100vw, 495px\" \/><\/a> <a href='https:\/\/ddmsikula.cz\/wp-content\/uploads\/2026\/01\/Marianske_n-1-1030x773.jpg' data-rel='gallery-1' data-prev-img='https:\/\/ddmsikula.cz\/wp-content\/uploads\/2026\/01\/Marianske_n-1-495x400.jpg' class='lightbox ' data-onclick='3' title='Marianske_n'  itemprop=\"thumbnailUrl\"  ><img class=\"wp-image-4206 avia-img-lazy-loading-not-4206\"   src=\"https:\/\/ddmsikula.cz\/wp-content\/uploads\/2026\/01\/Marianske_n-1-495x400.jpg\" width=\"495\" height=\"400\"  title='Marianske_n' alt='' srcset=\"https:\/\/ddmsikula.cz\/wp-content\/uploads\/2026\/01\/Marianske_n-1-495x400.jpg 495w, https:\/\/ddmsikula.cz\/wp-content\/uploads\/2026\/01\/Marianske_n-1-845x684.jpg 845w\" sizes=\"(max-width: 495px) 100vw, 495px\" \/><\/a> <a href='https:\/\/ddmsikula.cz\/wp-content\/uploads\/2026\/01\/marianske_nam-1-773x1030.jpg' data-rel='gallery-1' data-prev-img='https:\/\/ddmsikula.cz\/wp-content\/uploads\/2026\/01\/marianske_nam-1-495x400.jpg' class='lightbox ' data-onclick='4' title='marianske_nam'  itemprop=\"thumbnailUrl\"  ><img class=\"wp-image-4207 avia-img-lazy-loading-not-4207\"   src=\"https:\/\/ddmsikula.cz\/wp-content\/uploads\/2026\/01\/marianske_nam-1-495x400.jpg\" width=\"495\" height=\"400\"  title='marianske_nam' alt='' srcset=\"https:\/\/ddmsikula.cz\/wp-content\/uploads\/2026\/01\/marianske_nam-1-495x400.jpg 495w, https:\/\/ddmsikula.cz\/wp-content\/uploads\/2026\/01\/marianske_nam-1-845x684.jpg 845w\" sizes=\"(max-width: 495px) 100vw, 495px\" \/><\/a> <a href='https:\/\/ddmsikula.cz\/wp-content\/uploads\/2026\/01\/marianske_name-1-773x1030.jpg' data-rel='gallery-1' data-prev-img='https:\/\/ddmsikula.cz\/wp-content\/uploads\/2026\/01\/marianske_name-1-495x400.jpg' class='lightbox ' data-onclick='5' title='marianske_name'  itemprop=\"thumbnailUrl\"  ><img class=\"wp-image-4208 avia-img-lazy-loading-not-4208\"   src=\"https:\/\/ddmsikula.cz\/wp-content\/uploads\/2026\/01\/marianske_name-1-495x400.jpg\" width=\"495\" height=\"400\"  title='marianske_name' alt='' srcset=\"https:\/\/ddmsikula.cz\/wp-content\/uploads\/2026\/01\/marianske_name-1-495x400.jpg 495w, https:\/\/ddmsikula.cz\/wp-content\/uploads\/2026\/01\/marianske_name-1-845x684.jpg 845w\" sizes=\"(max-width: 495px) 100vw, 495px\" \/><\/a> <a href='https:\/\/ddmsikula.cz\/wp-content\/uploads\/2026\/01\/IMG_20260129_174835-1030x773.jpg' data-rel='gallery-1' data-prev-img='https:\/\/ddmsikula.cz\/wp-content\/uploads\/2026\/01\/IMG_20260129_174835-495x400.jpg' class='first_thumb lightbox ' data-onclick='6' title='IMG_20260129_174835'  itemprop=\"thumbnailUrl\"  ><img class=\"wp-image-4197 avia-img-lazy-loading-not-4197\"   src=\"https:\/\/ddmsikula.cz\/wp-content\/uploads\/2026\/01\/IMG_20260129_174835-495x400.jpg\" width=\"495\" height=\"400\"  title='IMG_20260129_174835' alt='' srcset=\"https:\/\/ddmsikula.cz\/wp-content\/uploads\/2026\/01\/IMG_20260129_174835-495x400.jpg 495w, https:\/\/ddmsikula.cz\/wp-content\/uploads\/2026\/01\/IMG_20260129_174835-845x684.jpg 845w\" sizes=\"(max-width: 495px) 100vw, 495px\" \/><\/a> <a href='https:\/\/ddmsikula.cz\/wp-content\/uploads\/2026\/01\/IMG_20260129_174807-773x1030.jpg' data-rel='gallery-1' data-prev-img='https:\/\/ddmsikula.cz\/wp-content\/uploads\/2026\/01\/IMG_20260129_174807-495x400.jpg' class='lightbox ' data-onclick='7' title='IMG_20260129_174807'  itemprop=\"thumbnailUrl\"  ><img class=\"wp-image-4198 avia-img-lazy-loading-not-4198\"   src=\"https:\/\/ddmsikula.cz\/wp-content\/uploads\/2026\/01\/IMG_20260129_174807-495x400.jpg\" width=\"495\" height=\"400\"  title='IMG_20260129_174807' alt='' srcset=\"https:\/\/ddmsikula.cz\/wp-content\/uploads\/2026\/01\/IMG_20260129_174807-495x400.jpg 495w, https:\/\/ddmsikula.cz\/wp-content\/uploads\/2026\/01\/IMG_20260129_174807-845x684.jpg 845w\" sizes=\"(max-width: 495px) 100vw, 495px\" \/><\/a> <a href='https:\/\/ddmsikula.cz\/wp-content\/uploads\/2026\/01\/IMG_20260129_174800-1030x773.jpg' data-rel='gallery-1' data-prev-img='https:\/\/ddmsikula.cz\/wp-content\/uploads\/2026\/01\/IMG_20260129_174800-495x400.jpg' class='lightbox ' data-onclick='8' title='IMG_20260129_174800'  itemprop=\"thumbnailUrl\"  ><img class=\"wp-image-4196 avia-img-lazy-loading-not-4196\"   src=\"https:\/\/ddmsikula.cz\/wp-content\/uploads\/2026\/01\/IMG_20260129_174800-495x400.jpg\" width=\"495\" height=\"400\"  title='IMG_20260129_174800' alt='' srcset=\"https:\/\/ddmsikula.cz\/wp-content\/uploads\/2026\/01\/IMG_20260129_174800-495x400.jpg 495w, https:\/\/ddmsikula.cz\/wp-content\/uploads\/2026\/01\/IMG_20260129_174800-845x684.jpg 845w\" sizes=\"(max-width: 495px) 100vw, 495px\" \/><\/a><\/div><\/div><\/p><\/div><div class=\"flex_column av_one_fourth  flex_column_div av-zero-column-padding   avia-builder-el-4  el_after_av_three_fourth  avia-builder-el-last  \" style='border-radius:0px; '><p><div  class='avia-image-container  av-styling-    avia-builder-el-5  el_before_av_hr  avia-builder-el-first  avia-align-center '  itemprop=\"image\" itemscope=\"itemscope\" itemtype=\"https:\/\/schema.org\/ImageObject\"  ><div class='avia-image-container-inner'><div class='avia-image-overlay-wrap'><a href='https:\/\/ddmsikula.cz\/wp-content\/uploads\/2026\/01\/Marianske-1030x773.jpg' class='avia_image'  ><img width=\"300\" height=\"225\" class='wp-image-4200 avia-img-lazy-loading-not-4200 avia_image' src=\"https:\/\/ddmsikula.cz\/wp-content\/uploads\/2026\/01\/Marianske-300x225.jpg\" alt='' title='Marianske'  itemprop=\"thumbnailUrl\" srcset=\"https:\/\/ddmsikula.cz\/wp-content\/uploads\/2026\/01\/Marianske-300x225.jpg 300w, https:\/\/ddmsikula.cz\/wp-content\/uploads\/2026\/01\/Marianske-1030x773.jpg 1030w, https:\/\/ddmsikula.cz\/wp-content\/uploads\/2026\/01\/Marianske-768x576.jpg 768w, https:\/\/ddmsikula.cz\/wp-content\/uploads\/2026\/01\/Marianske-1536x1152.jpg 1536w, https:\/\/ddmsikula.cz\/wp-content\/uploads\/2026\/01\/Marianske-2048x1536.jpg 2048w, https:\/\/ddmsikula.cz\/wp-content\/uploads\/2026\/01\/Marianske-1500x1125.jpg 1500w, https:\/\/ddmsikula.cz\/wp-content\/uploads\/2026\/01\/Marianske-705x529.jpg 705w\" sizes=\"(max-width: 300px) 100vw, 300px\" \/><\/a><\/div><\/div><\/div><br \/>\n<div   class='hr hr-default   avia-builder-el-6  el_after_av_image  el_before_av_codeblock '><span class='hr-inner ' ><span class='hr-inner-style'><\/span><\/span><\/div><br \/>\n<\/p><\/div><\/p>\n","protected":false},"excerpt":{"rendered":"","protected":false},"author":1,"featured_media":0,"parent":0,"menu_order":0,"comment_status":"closed","ping_status":"closed","template":"","meta":[],"_links":{"self":[{"href":"https:\/\/ddmsikula.cz\/index.php\/wp-json\/wp\/v2\/pages\/708"}],"collection":[{"href":"https:\/\/ddmsikula.cz\/index.php\/wp-json\/wp\/v2\/pages"}],"about":[{"href":"https:\/\/ddmsikula.cz\/index.php\/wp-json\/wp\/v2\/types\/page"}],"author":[{"embeddable":true,"href":"https:\/\/ddmsikula.cz\/index.php\/wp-json\/wp\/v2\/users\/1"}],"replies":[{"embeddable":true,"href":"https:\/\/ddmsikula.cz\/index.php\/wp-json\/wp\/v2\/comments?post=708"}],"version-history":[{"count":11,"href":"https:\/\/ddmsikula.cz\/index.php\/wp-json\/wp\/v2\/pages\/708\/revisions"}],"predecessor-version":[{"id":4210,"href":"https:\/\/ddmsikula.cz\/index.php\/wp-json\/wp\/v2\/pages\/708\/revisions\/4210"}],"wp:attachment":[{"href":"https:\/\/ddmsikula.cz\/index.php\/wp-json\/wp\/v2\/media?parent=708"}],"curies":[{"name":"wp","href":"https:\/\/api.w.org\/{rel}","templated":true}]}}