{"id":668,"date":"2020-01-23T10:19:30","date_gmt":"2020-01-23T09:19:30","guid":{"rendered":"http:\/\/test.ddmsikula.cz\/?page_id=668"},"modified":"2026-01-14T10:28:44","modified_gmt":"2026-01-14T09:28:44","slug":"pro-skoly","status":"publish","type":"page","link":"https:\/\/ddmsikula.cz\/index.php\/pro-skoly\/","title":{"rendered":"Pro \u0161koly"},"content":{"rendered":"<div class=\"flex_column av_one_full  flex_column_div av-zero-column-padding first  avia-builder-el-0  el_before_av_one_full  avia-builder-el-first  \" style='border-radius:0px; '><div  style='padding-bottom:10px; ' class='av-special-heading av-special-heading-h3    avia-builder-el-1  avia-builder-el-no-sibling  '><h3 class='av-special-heading-tag '  itemprop=\"headline\"  >Nab\u00eddka kurz\u016f, v\u00fdukov\u00fdch program\u016f a projektov\u00fdch dn\u016f<\/h3><div class='special-heading-border'><div class='special-heading-inner-border' ><\/div><\/div><\/div><\/div>\n<div class=\"flex_column av_one_full  flex_column_div av-zero-column-padding first  avia-builder-el-2  el_after_av_one_full  avia-builder-el-last  column-top-margin\" style='border-radius:0px; '><section class=\"av_textblock_section \"  itemscope=\"itemscope\" itemtype=\"https:\/\/schema.org\/CreativeWork\" ><div class='avia_textblock  '   itemprop=\"text\" ><p class=\"vetsipismo podtrzeni\"><strong>Kurzy<\/strong><\/p>\n<p class=\"vetsipismo podtrzeni\">Kurz obsahuje nejm\u00e9n\u011b 4 setk\u00e1n\u00ed a\u00a0<span class=\"texttluste\">p\u0159ed za\u010d\u00e1tkem kurzu je nutn\u00e9, aby ka\u017ed\u00fd \u00fa\u010dastn\u00edk m\u011bl vypln\u011bnou a od rodi\u010d\u016f podepsanou p\u0159ihl\u00e1\u0161ku.<\/span> Plat\u00ed se v\u017edy po absolvov\u00e1n\u00ed setk\u00e1n\u00ed a to pouze za d\u011bti, kter\u00e9 se dan\u00e9ho setk\u00e1n\u00ed z\u00fa\u010dastnily.<\/p>\n<div><\/div>\n<div><\/div>\n<\/div><\/section><br \/>\n<div  style=' margin-top:30px; margin-bottom:30px;'  class='hr hr-custom hr-center hr-icon-no   avia-builder-el-4  el_after_av_textblock  el_before_av_textblock '><span class='hr-inner  inner-border-av-border-thin' style=' width:100%; border-color:#606060;' ><span class='hr-inner-style'><\/span><\/span><\/div><br \/>\n<section class=\"av_textblock_section \"  itemscope=\"itemscope\" itemtype=\"https:\/\/schema.org\/CreativeWork\" ><div class='avia_textblock  '   itemprop=\"text\" ><div>\n<p class=\"vetsipismo podtrzeni\"><strong>V\u00fdukov\u00e9 programy<\/strong><\/p>\n<p><a href=\"http:\/\/ddmsikula.cz\/index.php\/vyukove-programy-pc-trnka\/\"><span  class=\"av_font_icon avia_animate_when_visible avia-icon-animate  av-icon-style-border  avia-icon-pos-left \" style=\"color:#00a320; border-color:#00a320;\"><span class='av-icon-char' style='font-size:30px;line-height:30px;width:30px;' aria-hidden='true' data-av_icon='\ue84e' data-av_iconfont='entypo-fontello' ><\/span><\/span> <\/a><\/p>\n<p><a href=\"http:\/\/ddmsikula.cz\/index.php\/vyukove-programy-pc-trnka\/\">v\u0161e o v\u00fdukov\u00fdch programech <\/a><\/p>\n<p><a href=\"http:\/\/ddmsikula.cz\/index.php\/vyukove-programy-pc-trnka\/\">p\u0159\u00edrodov\u011bdn\u00e9ho centra TRNKA <\/a><\/p>\n<p><a href=\"http:\/\/ddmsikula.cz\/index.php\/vyukove-programy-pc-trnka\/\">naleznete pod touto ikonou.<\/a><\/p>\n<\/div>\n<div><\/div>\n<div><\/div>\n<div><\/div>\n<div><\/div>\n<div><\/div>\n<\/div><\/section><br \/>\n<section class=\"av_textblock_section \"  itemscope=\"itemscope\" itemtype=\"https:\/\/schema.org\/CreativeWork\" ><div class='avia_textblock  '   itemprop=\"text\" ><p>V\u00fdukov\u00e9 programy podobn\u011b jako kurzy je mo\u017en\u00e9 absolvovat u n\u00e1s v&nbsp;P\u0159\u00edrodov\u011bdn\u00e9m centru TRNKA nebo u V\u00e1s ve \u0161kole. V\u0161echny v\u00fdukov\u00e9 programy zaji\u0161\u0165uje p\u0159\u00edrodov\u011bdn\u00e9 odd\u011blen\u00ed DDM a jsou a\u017e na v\u00fdjimky zam\u011b\u0159eny na environment\u00e1ln\u00ed a glob\u00e1ln\u00ed v\u00fdchovu.<\/p>\n<p>Z\u00e1kladn\u00ed cena v\u00fdukov\u00e9ho programu.<\/p>\n<ul>\n<li>d\u00e9lka programu 2 hodiny (120 minut): 1.500,- p\u0159i po\u010dtu do 20ti \u017e\u00e1k\u016f. Za ka\u017ed\u00e9ho \u017e\u00e1ka nav\u00edc je p\u0159\u00edplatek + 60,-.<\/li>\n<li>d\u00e9lka programu 1 hodina (60 minut): 900,- p\u0159i po\u010dtu do 20ti \u017e\u00e1k\u016f. Za ka\u017ed\u00e9ho \u017e\u00e1ka nav\u00edc je p\u0159\u00edplatek + 60,-.<\/li>\n<\/ul>\n<p>K cen\u011b v\u00fdukov\u00e9ho programu se d\u00e1le p\u0159ipo\u010d\u00edt\u00e1v\u00e1 cestovn\u00e9 7,- za 1 km. P\u0159i realizaci v\u00fdukov\u00e9ho programu do vzd\u00e1lenosti 10 km se cestovn\u00e9 nep\u0159ipo\u010d\u00edt\u00e1v\u00e1.<\/p>\n<p><span class=\"texttluste\">Programy je mo\u017en\u00e9 objedn\u00e1vat el. formul\u00e1\u0159em,<\/span> p\u0159\u00edpadn\u011b telefonicky \u010di e-mailem (tel.: 733&nbsp;500&nbsp;233,\u00a0<a href=\"mailto:info.trnka@ddmsikula.cz\">marketa.podskubkova@d<span class=\"style5\">dmsikula.cz<\/span><\/a>). Pros\u00edme, abyste svou \u00fa\u010dast na programu potvrdili t\u0159i dny p\u0159ed jeho n\u00e1v\u0161t\u011bvou. D\u00e9lku a n\u00e1ro\u010dnost v\u00fdukov\u00e9ho programu lze po domluv\u011b upravit dle Va\u0161\u00ed pot\u0159eby.<\/p>\n<\/div><\/section><br \/>\n<div  style=' margin-top:30px; margin-bottom:30px;'  class='hr hr-custom hr-center hr-icon-no   avia-builder-el-8  el_after_av_textblock  el_before_av_textblock '><span class='hr-inner  inner-border-av-border-thin' style=' width:100%; border-color:#606060;' ><span class='hr-inner-style'><\/span><\/span><\/div><br \/>\n<section class=\"av_textblock_section \"  itemscope=\"itemscope\" itemtype=\"https:\/\/schema.org\/CreativeWork\" ><div class='avia_textblock  '   itemprop=\"text\" ><div><\/div>\n<div><\/div>\n<div>\n<p><strong>Projektov\u00e9 dny<\/strong><\/p>\n<\/div>\n<div><\/div>\n<div>\n<p>Jednou z&nbsp;na\u0161ich aktivit je tak\u00e9 p\u0159\u00edprava a realizace projektov\u00fdch dn\u016f pro \u0161koly, ale i jin\u00e9 organizace. Touto \u010dinnost\u00ed se zab\u00fdv\u00e1 p\u0159ev\u00e1\u017en\u011b p\u0159\u00edrodov\u011bdn\u00e9 odd\u011blen\u00ed (P\u0159\u00edrodov\u011bdn\u00e9 centrum TRNKA), kter\u00e9 se specializuje na environment\u00e1ln\u00ed tematiku. Nab\u00edz\u00edme tak\u00e9 partnerstv\u00ed p\u0159i realizaci Va\u0161eho projektov\u00e9ho dne, nebo se k&nbsp;n\u00e1m m\u016f\u017eete p\u0159ij\u00edt poradit, jak takov\u00fd den sestavit. R\u00e1di V\u00e1m pom\u016f\u017eeme. D\u00e9lku a n\u00e1ro\u010dnost projektov\u00e9ho dne stanov\u00edme dle Va\u0161\u00ed pot\u0159eby. Samoz\u0159ejmost\u00ed je \u00fazk\u00e1 spolupr\u00e1ce s&nbsp;V\u00e1mi p\u0159i v\u00fdb\u011bru t\u00e9mat aktivit a p\u0159\u00edprav\u011b programu tak, aby v\u00fdsledek co nejv\u00edce odpov\u00eddal va\u0161im p\u0159edstav\u00e1m.<\/p>\n<p><span class=\"texttluste\">Co to vlastn\u011b projektov\u00fd den je ?<\/span><\/p>\n<p>Jde o dopoledn\u00ed\/celodenn\u00ed program pro \u017e\u00e1ky zam\u011b\u0159en\u00fd na ur\u010dit\u00e9 t\u00e9ma (nap\u0159\u00edklad Den zem\u011b, Voda, Ovzdu\u0161\u00ed, Glob\u00e1ln\u00ed probl\u00e9my, V\u00e1noce). Jednotliv\u00e9 body programu se odehr\u00e1vaj\u00ed ve \u0161kole, ale \u010dasto tak\u00e9 venku. Mezi aktivity, kter\u00e9 do projektov\u00e9ho dne m\u016f\u017eeme zahrnout, pat\u0159\u00ed nap\u0159\u00edklad r\u016fzn\u00e9 hry, sout\u011b\u017ee v\u011bdomostn\u00ed i dovednost\u00ed, praktick\u00e9 aktivity spojen\u00e9 s&nbsp;danou t\u00e9matikou (v\u00fdsadby strom\u016f, \u00faklid odpadk\u016f, pozorov\u00e1n\u00ed p\u0159\u00edrody), d\u011btsk\u00e9 divadlo, sc\u00e9nky, v\u00fdstavy v\u00fdrobk\u016f d\u011bt\u00ed a fotografi\u00ed nebo tak\u00e9 ve\u0159ejn\u00e1 vystoupen\u00ed pro rodi\u010de.<\/p>\n<p><span class=\"texttluste\">Cena za kompletn\u00ed p\u0159\u00edpravu i realizaci projektov\u00e9ho dne se vypo\u010d\u00edt\u00e1v\u00e1 dle dohody na z\u00e1klad\u011b va\u0161ich n\u00e1rok\u016f a po\u017eadavk\u016f.<\/span><\/p>\n<p>Projektov\u00e9 dny je mo\u017en\u00e9 objedn\u00e1vat osobn\u011b, telefonicky \u010di e-mailem\u00a0 na telefonu 733&nbsp;500&nbsp;233, nebo prost\u0159ednictv\u00edm e-mailu\u00a0<a href=\"mailto:info.trnka@ddmsikula.cz\">marketa.podskubkova@ddmsikula.cz<\/a>.<\/p>\n<\/div>\n<div><\/div>\n<div><\/div>\n<\/div><\/section><\/p><\/div>\n","protected":false},"excerpt":{"rendered":"","protected":false},"author":1,"featured_media":0,"parent":0,"menu_order":0,"comment_status":"closed","ping_status":"closed","template":"","meta":[],"_links":{"self":[{"href":"https:\/\/ddmsikula.cz\/index.php\/wp-json\/wp\/v2\/pages\/668"}],"collection":[{"href":"https:\/\/ddmsikula.cz\/index.php\/wp-json\/wp\/v2\/pages"}],"about":[{"href":"https:\/\/ddmsikula.cz\/index.php\/wp-json\/wp\/v2\/types\/page"}],"author":[{"embeddable":true,"href":"https:\/\/ddmsikula.cz\/index.php\/wp-json\/wp\/v2\/users\/1"}],"replies":[{"embeddable":true,"href":"https:\/\/ddmsikula.cz\/index.php\/wp-json\/wp\/v2\/comments?post=668"}],"version-history":[{"count":30,"href":"https:\/\/ddmsikula.cz\/index.php\/wp-json\/wp\/v2\/pages\/668\/revisions"}],"predecessor-version":[{"id":4132,"href":"https:\/\/ddmsikula.cz\/index.php\/wp-json\/wp\/v2\/pages\/668\/revisions\/4132"}],"wp:attachment":[{"href":"https:\/\/ddmsikula.cz\/index.php\/wp-json\/wp\/v2\/media?parent=668"}],"curies":[{"name":"wp","href":"https:\/\/api.w.org\/{rel}","templated":true}]}}