{"id":639,"date":"2020-01-21T16:15:28","date_gmt":"2020-01-21T15:15:28","guid":{"rendered":"http:\/\/test.ddmsikula.cz\/?page_id=639"},"modified":"2026-02-19T22:05:39","modified_gmt":"2026-02-19T21:05:39","slug":"detska-scena","status":"publish","type":"page","link":"https:\/\/ddmsikula.cz\/index.php\/detska-scena\/","title":{"rendered":"D\u011btsk\u00e1 sc\u00e9na"},"content":{"rendered":"<div class=\"flex_column av_one_full  flex_column_div av-zero-column-padding first  avia-builder-el-0  avia-builder-el-no-sibling  \" style='border-radius:0px; '><p><div  style='padding-bottom:10px; ' class='av-special-heading av-special-heading-h3    avia-builder-el-1  el_before_av_hr  avia-builder-el-first  '><h3 class='av-special-heading-tag '  itemprop=\"headline\"  >D\u011btsk\u00e1 sc\u00e9na 2026<\/h3><div class='special-heading-border'><div class='special-heading-inner-border' ><\/div><\/div><\/div><br \/>\n<div   class='hr hr-default   avia-builder-el-2  el_after_av_heading  el_before_av_textblock '><span class='hr-inner ' ><span class='hr-inner-style'><\/span><\/span><\/div><br \/>\n<section class=\"av_textblock_section \"  itemscope=\"itemscope\" itemtype=\"https:\/\/schema.org\/CreativeWork\" ><div class='avia_textblock  '   itemprop=\"text\" ><p><strong>PROPOZICE <\/strong><\/p>\n<p>k jednotliv\u00fdm kol\u016fm p\u0159ehl\u00eddky d\u011btsk\u00fdch recit\u00e1tor\u016f vych\u00e1z\u00ed z&nbsp;propozic k&nbsp;celost\u00e1tn\u00ed p\u0159ehl\u00eddce D\u011btsk\u00e1 sc\u00e9na 2026\u00a0 ve Svitav\u00e1ch. <a href=\"http:\/\/ddmsikula.cz\/wp-content\/uploads\/2026\/01\/Terminy__propozice_DDM.pdf\" target=\"_blank\" rel=\"noopener\">Propozice ke sta\u017een\u00ed<\/a><\/p>\n<div  class='avia-button-wrap avia-button-left  avia-builder-el-4  avia-builder-el-no-sibling ' ><a href='http:\/\/ddmsikula.cz\/wp-content\/uploads\/2025\/11\/2025_Prihlaska_recitace_GDPR_1text.pdf'  class='avia-button  avia-color-theme-color   avia-icon_select-yes-left-icon avia-size-small avia-position-left '  target=\"_blank\"  rel=\"noopener noreferrer\"  ><span class='avia_button_icon avia_button_icon_left ' aria-hidden='true' data-av_icon='\ue80c' data-av_iconfont='entypo-fontello'><\/span><span class='avia_iconbox_title' >P\u0159ihl\u00e1\u0161ka<\/span><\/a><\/div>\n<hr \/>\n<p><strong>OKRSEK<\/strong><\/p>\n<p style=\"font-weight: 400;\">18.&nbsp;\u00fanora 2026 ve st\u0159edu v&nbsp;budov\u011b Reduty \u2013 Masarykovo n\u00e1m\u011bst\u00ed UH Komorn\u00ed s\u00e1l + Zku\u0161ebna.\u00a0 P\u0159ihl\u00e1\u0161ku je t\u0159eba doru\u010dit nejpozd\u011bji 9.2.2026 na DDM &#8211; pozor zm\u011bna adresy!<\/p>\n<p style=\"font-weight: 400;\">Masarykovo n\u00e1m\u011bst\u00ed 157 \/ pas\u00e1\u017e Atrium<br \/>\nUhersk\u00e9 Hradi\u0161t\u011b<\/p>\n<p style=\"font-weight: 400;\">Nebo na email :\u00a0<a href=\"mailto:martina.dorrova@ddmsikula.cz\">martina.dorrova@ddmsikula.cz<\/a><\/p>\n<p style=\"font-weight: 400;\">Prezence : 8 \u2013 8.30 hodin \/ zah\u00e1jen\u00ed kolem 8.45 hodin<\/p>\n<p style=\"font-weight: 400;\">P\u0159edpokl\u00e1dan\u00e9 ukon\u010den\u00ed ve 12 hodin<\/p>\n<p><a href=\"http:\/\/ddmsikula.cz\/wp-content\/uploads\/2026\/02\/VL_RS__2026.pdf\">V\u00fdsledkov\u00e1 listina<\/a><\/p>\n<hr \/>\n<p>Ze v\u0161ech kol postupuj\u00ed v&nbsp;jednotliv\u00fdch kategori\u00edch v\u017edy maxim\u00e1ln\u011b <u>dva recit\u00e1to\u0159i<\/u> (plat\u00ed i pro \u0161koln\u00ed kola).<\/p>\n<p><strong>S\u00a0p\u0159ihl\u00e1\u0161kou dodejte v\u017edy 3 <u>podepsan\u00e9<\/u> kopie textu (\u010dist\u00e9 &#8211; bez pozn\u00e1mek), texty pak nejpozd\u011bji <\/strong><strong>p\u0159i prezenci.<\/strong><\/p>\n<p>Pokud m\u00e1te z\u00e1jem o dal\u0161\u00ed informace, r\u00e1da je poskytnu na telefonn\u00edm \u010d\u00edsle 572&nbsp;551&nbsp;347,<\/p>\n<p>605\u00a0203&nbsp;064 nebo na <a href=\"mailto:martina.dorrova@ddmsikula.cz\">martina.dorrova@ddmsikula.cz<\/a>.<\/p>\n<p><strong>\u00a0<\/strong><\/p>\n<p>Na spolupr\u00e1ci se t\u011b\u0161\u00ed<\/p>\n<p>Martina D\u00f6rrov\u00e1 \u2013 garant okrskov\u00e9ho kola<\/p>\n<p>Roma \u0160vehl\u00edk \u2013 garant okresn\u00edho a krajsk\u00e9ho kolo \/kontakt 775&nbsp;568&nbsp;801<\/p>\n<\/div><\/section><br \/>\n<div   class='hr hr-default   avia-builder-el-5  el_after_av_textblock  avia-builder-el-last '><span class='hr-inner ' ><span class='hr-inner-style'><\/span><\/span><\/div><\/p><\/div>\n","protected":false},"excerpt":{"rendered":"","protected":false},"author":1,"featured_media":0,"parent":0,"menu_order":0,"comment_status":"closed","ping_status":"closed","template":"","meta":[],"_links":{"self":[{"href":"https:\/\/ddmsikula.cz\/index.php\/wp-json\/wp\/v2\/pages\/639"}],"collection":[{"href":"https:\/\/ddmsikula.cz\/index.php\/wp-json\/wp\/v2\/pages"}],"about":[{"href":"https:\/\/ddmsikula.cz\/index.php\/wp-json\/wp\/v2\/types\/page"}],"author":[{"embeddable":true,"href":"https:\/\/ddmsikula.cz\/index.php\/wp-json\/wp\/v2\/users\/1"}],"replies":[{"embeddable":true,"href":"https:\/\/ddmsikula.cz\/index.php\/wp-json\/wp\/v2\/comments?post=639"}],"version-history":[{"count":76,"href":"https:\/\/ddmsikula.cz\/index.php\/wp-json\/wp\/v2\/pages\/639\/revisions"}],"predecessor-version":[{"id":4224,"href":"https:\/\/ddmsikula.cz\/index.php\/wp-json\/wp\/v2\/pages\/639\/revisions\/4224"}],"wp:attachment":[{"href":"https:\/\/ddmsikula.cz\/index.php\/wp-json\/wp\/v2\/media?parent=639"}],"curies":[{"name":"wp","href":"https:\/\/api.w.org\/{rel}","templated":true}]}}