{"id":517,"date":"2020-01-13T08:33:09","date_gmt":"2020-01-13T07:33:09","guid":{"rendered":"http:\/\/test.ddmsikula.cz\/?page_id=517"},"modified":"2026-01-14T10:18:52","modified_gmt":"2026-01-14T09:18:52","slug":"krouzky","status":"publish","type":"page","link":"https:\/\/ddmsikula.cz\/index.php\/krouzky\/","title":{"rendered":"D\u011bti"},"content":{"rendered":"<div class=\"flex_column av_two_third  flex_column_div av-zero-column-padding first  avia-builder-el-0  el_before_av_one_third  avia-builder-el-first  \" style='border-radius:0px; '><p><div  style='padding-bottom:10px; ' class='av-special-heading av-special-heading-h3    avia-builder-el-1  el_before_av_textblock  avia-builder-el-first  '><h3 class='av-special-heading-tag '  itemprop=\"headline\"  >Z\u00e1jmov\u00e9 krou\u017eky pro d\u011bti 2025-2026<\/h3><div class='special-heading-border'><div class='special-heading-inner-border' ><\/div><\/div><\/div><br \/>\n<section class=\"av_textblock_section \"  itemscope=\"itemscope\" itemtype=\"https:\/\/schema.org\/CreativeWork\" ><div class='avia_textblock  '   itemprop=\"text\" ><p><strong>1.<\/strong> P\u0159ihla\u0161ov\u00e1n\u00ed na krou\u017eky <strong>ve \u0161koln\u00edm roce 2025\/2026<\/strong>\u00a0prob\u00edh\u00e1 prost\u0159ednictv\u00edm <strong>elektronick\u00e9 p\u0159ihl\u00e1\u0161ky <span style=\"color: #ff0000;\">od 10.&nbsp;\u010dervna 2025<\/span><\/strong>.<\/p>\n<p><strong>2.<\/strong>\u00a0Registrujte se a<strong>\u00a0<a href=\"https:\/\/ddmsikula.iddm.cz\/prihlaseni\" target=\"_blank\" rel=\"noopener\">vypl\u0148te elektronickou p\u0159ihl\u00e1\u0161ku<\/a><\/strong>. Pokud si nejste jist\u00ed, jak vyplnit p\u0159ihl\u00e1\u0161ku, pod\u00edvejte se na <a href=\"http:\/\/test.ddmsikula.cz\/wp-content\/uploads\/2020\/01\/navod_na_prihlaseni_2018.pdf\" target=\"_blank\" rel=\"noopener\">n\u00e1vod<\/a>.<\/p>\n<p><strong>3.<\/strong>\u00a0V pr\u016fb\u011bhu z\u00e1\u0159\u00ed dostanete SMS nebo email s&nbsp;pozv\u00e1nkou na zahajovac\u00ed sch\u016fzku. Zde se dozv\u00edte v\u0161e pot\u0159ebn\u00e9 o \u010dinnosti, n\u00e1plni, lektorovi atd. Rozvrhy tvo\u0159\u00edme v&nbsp;druh\u00e9 polovin\u011b z\u00e1\u0159\u00ed, kdy se stanovuje den a \u010das krou\u017eku.<\/p>\n<p><strong>4.<\/strong> Platbu prove\u010fte a\u017e po zahajovac\u00ed sch\u016fzce nejpozd\u011bji v\u0161ak do 30.&nbsp;10.&nbsp;2025. Pokud v\u00e1m nebude vyhovovat term\u00edn krou\u017eku je NUTN\u00c9 tuto p\u0159ihl\u00e1\u0161ku zru\u0161it emailem na adrese info@ddmsikula.cz nejpozd\u011bji do 15.&nbsp;10.&nbsp;2025.<\/p>\n<p><strong>5.<\/strong>\u00a0Pokud m\u00e1te jak\u00e9koliv probl\u00e9my s&nbsp;p\u0159ihla\u0161ov\u00e1n\u00edm, kontaktujte pros\u00edm vedouc\u00edho odd\u011blen\u00ed, pod kter\u00fdm je krou\u017eek zaps\u00e1n (kontakt je uveden v&nbsp;hlavi\u010dce ka\u017ed\u00e9 tabulky s&nbsp;krou\u017eky).<\/p>\n<p><strong>Krou\u017eky prob\u00edhaj\u00ed zpravidla v&nbsp;m\u011bs\u00edc\u00edch z\u00e1\u0159\u00ed &#8211; \u010derven. <span class=\"cervene\">V dob\u011b \u0161koln\u00edch pr\u00e1zdnin krou\u017eky neprob\u00edhaj\u00ed.<\/span><\/strong><\/p>\n<p>Seznamte se tak\u00e9 s\u00a0pravidly a provozem DDM a pr\u00e1vy a povinnostmi \u00fa\u010dastn\u00edka z\u00e1jmov\u00e9ho vzd\u011bl\u00e1v\u00e1n\u00ed, kter\u00e9 najdete v&nbsp;z\u00e1lo\u017ece <a href=\"http:\/\/test.ddmsikula.cz\/index.php\/o-nas\/\">O N\u00c1S<\/a>.<\/p>\n<p><a href=\"http:\/\/ddmsikula.cz\/wp-content\/uploads\/2025\/05\/nabidka_krouzku_2025_2026.pdf\" target=\"_blank\" rel=\"noopener\">Nab\u00eddka krou\u017ek\u016f ke sta\u017een\u00ed<\/a><\/p>\n<\/div><\/section><br \/>\n<div  class='avia-image-container  av-styling-    avia-builder-el-3  el_after_av_textblock  avia-builder-el-last  avia-align-left '  itemprop=\"image\" itemscope=\"itemscope\" itemtype=\"https:\/\/schema.org\/ImageObject\"  ><div class='avia-image-container-inner'><div class='avia-image-overlay-wrap'><a href='http:\/\/ddmsikula.cz\/wp-content\/uploads\/2025\/05\/nabidka_krouzku_2025_2026.pdf' class='avia_image'   target=\"_blank\"  rel=\"noopener noreferrer\"><img width=\"300\" height=\"211\" class='wp-image-3918 avia-img-lazy-loading-not-3918 avia_image' src=\"https:\/\/ddmsikula.cz\/wp-content\/uploads\/2025\/05\/nabidka_krouzku_2025_2026-300x211.jpg\" alt='' title='nabidka_krouzku_2025_2026'  itemprop=\"thumbnailUrl\" srcset=\"https:\/\/ddmsikula.cz\/wp-content\/uploads\/2025\/05\/nabidka_krouzku_2025_2026-300x211.jpg 300w, https:\/\/ddmsikula.cz\/wp-content\/uploads\/2025\/05\/nabidka_krouzku_2025_2026-1030x725.jpg 1030w, https:\/\/ddmsikula.cz\/wp-content\/uploads\/2025\/05\/nabidka_krouzku_2025_2026-768x541.jpg 768w, https:\/\/ddmsikula.cz\/wp-content\/uploads\/2025\/05\/nabidka_krouzku_2025_2026-1536x1081.jpg 1536w, https:\/\/ddmsikula.cz\/wp-content\/uploads\/2025\/05\/nabidka_krouzku_2025_2026-2048x1442.jpg 2048w, https:\/\/ddmsikula.cz\/wp-content\/uploads\/2025\/05\/nabidka_krouzku_2025_2026-1500x1056.jpg 1500w, https:\/\/ddmsikula.cz\/wp-content\/uploads\/2025\/05\/nabidka_krouzku_2025_2026-705x496.jpg 705w\" sizes=\"(max-width: 300px) 100vw, 300px\" \/><\/a><\/div><\/div><\/div><\/p><\/div><div class=\"flex_column av_one_third  flex_column_div av-zero-column-padding   avia-builder-el-4  el_after_av_two_third  el_before_av_one_full  \" style='border-radius:0px; '><p><div   data-size='no scaling'  data-lightbox_size='large'  data-animation='slide'  data-conditional_play=''  data-ids='525,520,521,524'  data-video_counter='0'  data-autoplay='true'  data-bg_slider='false'  data-slide_height=''  data-handle='av_slideshow'  data-interval='5'  data-class=' avia-builder-el-5  el_before_av_hr  avia-builder-el-first   av-small-hide av-mini-hide'  data-el_id=''  data-css_id=''  data-scroll_down=''  data-control_layout='av-control-default'  data-custom_markup=''  data-perma_caption=''  data-autoplay_stopper=''  data-image_attachment=''  data-min_height='0px'  data-lazy_loading='disabled'  class='avia-slideshow avia-slideshow-1  av-control-default av-default-height-applied avia-slideshow-no scaling av_slideshow  avia-builder-el-5  el_before_av_hr  avia-builder-el-first   av-small-hide av-mini-hide avia-slide-slider '  itemprop=\"image\" itemscope=\"itemscope\" itemtype=\"https:\/\/schema.org\/ImageObject\" ><ul class='avia-slideshow-inner ' style='padding-bottom: 100%;' ><li  class=' slide-1 ' ><div data-rel='slideshow-1' class='avia-slide-wrap '   ><img class=\"wp-image-525 avia-img-lazy-loading-not-525\"  src=\"https:\/\/ddmsikula.cz\/wp-content\/uploads\/2020\/01\/image006-2.jpg\" width=\"336\" height=\"336\" title='image006' alt=''  itemprop=\"thumbnailUrl\" srcset=\"https:\/\/ddmsikula.cz\/wp-content\/uploads\/2020\/01\/image006-2.jpg 336w, https:\/\/ddmsikula.cz\/wp-content\/uploads\/2020\/01\/image006-2-300x300.jpg 300w, https:\/\/ddmsikula.cz\/wp-content\/uploads\/2020\/01\/image006-2-80x80.jpg 80w, https:\/\/ddmsikula.cz\/wp-content\/uploads\/2020\/01\/image006-2-36x36.jpg 36w, https:\/\/ddmsikula.cz\/wp-content\/uploads\/2020\/01\/image006-2-180x180.jpg 180w\" sizes=\"(max-width: 336px) 100vw, 336px\" \/><\/div><\/li><li  class=' slide-2 ' ><div data-rel='slideshow-1' class='avia-slide-wrap '   ><img class=\"wp-image-520 avia-img-lazy-loading-not-520\"  src=\"https:\/\/ddmsikula.cz\/wp-content\/uploads\/2020\/01\/image001-2.jpg\" width=\"500\" height=\"500\" title='image001' alt=''  itemprop=\"thumbnailUrl\" srcset=\"https:\/\/ddmsikula.cz\/wp-content\/uploads\/2020\/01\/image001-2.jpg 500w, https:\/\/ddmsikula.cz\/wp-content\/uploads\/2020\/01\/image001-2-300x300.jpg 300w, https:\/\/ddmsikula.cz\/wp-content\/uploads\/2020\/01\/image001-2-80x80.jpg 80w, https:\/\/ddmsikula.cz\/wp-content\/uploads\/2020\/01\/image001-2-36x36.jpg 36w, https:\/\/ddmsikula.cz\/wp-content\/uploads\/2020\/01\/image001-2-180x180.jpg 180w\" sizes=\"(max-width: 500px) 100vw, 500px\" \/><\/div><\/li><li  class=' slide-3 ' ><div data-rel='slideshow-1' class='avia-slide-wrap '   ><img class=\"wp-image-521 avia-img-lazy-loading-not-521\"  src=\"https:\/\/ddmsikula.cz\/wp-content\/uploads\/2020\/01\/image002-2.jpg\" width=\"375\" height=\"375\" title='image002' alt=''  itemprop=\"thumbnailUrl\" srcset=\"https:\/\/ddmsikula.cz\/wp-content\/uploads\/2020\/01\/image002-2.jpg 375w, https:\/\/ddmsikula.cz\/wp-content\/uploads\/2020\/01\/image002-2-300x300.jpg 300w, https:\/\/ddmsikula.cz\/wp-content\/uploads\/2020\/01\/image002-2-80x80.jpg 80w, https:\/\/ddmsikula.cz\/wp-content\/uploads\/2020\/01\/image002-2-36x36.jpg 36w, https:\/\/ddmsikula.cz\/wp-content\/uploads\/2020\/01\/image002-2-180x180.jpg 180w\" sizes=\"(max-width: 375px) 100vw, 375px\" \/><\/div><\/li><li  class=' slide-4 ' ><div data-rel='slideshow-1' class='avia-slide-wrap '   ><img class=\"wp-image-524 avia-img-lazy-loading-not-524\"  src=\"https:\/\/ddmsikula.cz\/wp-content\/uploads\/2020\/01\/image005-2.jpg\" width=\"336\" height=\"336\" title='image005' alt=''  itemprop=\"thumbnailUrl\" srcset=\"https:\/\/ddmsikula.cz\/wp-content\/uploads\/2020\/01\/image005-2.jpg 336w, https:\/\/ddmsikula.cz\/wp-content\/uploads\/2020\/01\/image005-2-300x300.jpg 300w, https:\/\/ddmsikula.cz\/wp-content\/uploads\/2020\/01\/image005-2-80x80.jpg 80w, https:\/\/ddmsikula.cz\/wp-content\/uploads\/2020\/01\/image005-2-36x36.jpg 36w, https:\/\/ddmsikula.cz\/wp-content\/uploads\/2020\/01\/image005-2-180x180.jpg 180w\" sizes=\"(max-width: 336px) 100vw, 336px\" \/><\/div><\/li><\/ul><div class='avia-slideshow-arrows avia-slideshow-controls'><a href='#prev' class='prev-slide' aria-hidden='true' data-av_icon='\ue87c' data-av_iconfont='entypo-fontello'>Previous<\/a><a href='#next' class='next-slide' aria-hidden='true' data-av_icon='\ue87d' data-av_iconfont='entypo-fontello'>Next<\/a><\/div><div class='avia-slideshow-dots avia-slideshow-controls'><a href='#1' class='goto-slide active' >1<\/a><a href='#2' class='goto-slide ' >2<\/a><a href='#3' class='goto-slide ' >3<\/a><a href='#4' class='goto-slide ' >4<\/a><\/div><\/div><br \/>\n<div   class='hr hr-default   avia-builder-el-6  el_after_av_slideshow  el_before_av_button_big  avia-builder-el-last '><span class='hr-inner ' ><span class='hr-inner-style'><\/span><\/span><\/div><br \/>\n<div  class='avia-button-wrap avia-button-center  avia-builder-el-7  el_after_av_hr  avia-builder-el-last ' ><a href='https:\/\/ddmsikula.iddm.cz\/prihlaseni' class='avia-button avia-button-fullwidth  avia-font-color-theme-color av-icon-on-hover avia-icon_select-yes-left-icon avia-color-custom ' target=\"_blank\" rel=\"noopener noreferrer\" style='background-color:#209740; '><span class='avia_button_icon avia_button_icon_left' aria-hidden='true' data-av_icon='\ue82d' data-av_iconfont='entypo-fontello'><\/span><span class='avia_iconbox_title' >P\u0159ihla\u0161ov\u00e1n\u00ed na krou\u017eky<\/span><div class='av-button-description av-button-description-below'><p>Zde se m\u016f\u017eete p\u0159ihl\u00e1sit do Klientsk\u00e9ho centra a pak na jednotliv\u00e9 krou\u017eky<\/p>\n<\/div><span class='avia_button_background avia-button avia-button-fullwidth avia-color-theme-color' ><\/span><\/a><\/div><\/p><\/div><\/p>\n<div class=\"flex_column av_one_full  flex_column_div av-zero-column-padding first  avia-builder-el-8  el_after_av_one_third  avia-builder-el-last  column-top-margin\" style='border-radius:0px; '><p><br \/>\n<\/p><\/div>\n","protected":false},"excerpt":{"rendered":"","protected":false},"author":1,"featured_media":0,"parent":0,"menu_order":0,"comment_status":"closed","ping_status":"closed","template":"","meta":[],"_links":{"self":[{"href":"https:\/\/ddmsikula.cz\/index.php\/wp-json\/wp\/v2\/pages\/517"}],"collection":[{"href":"https:\/\/ddmsikula.cz\/index.php\/wp-json\/wp\/v2\/pages"}],"about":[{"href":"https:\/\/ddmsikula.cz\/index.php\/wp-json\/wp\/v2\/types\/page"}],"author":[{"embeddable":true,"href":"https:\/\/ddmsikula.cz\/index.php\/wp-json\/wp\/v2\/users\/1"}],"replies":[{"embeddable":true,"href":"https:\/\/ddmsikula.cz\/index.php\/wp-json\/wp\/v2\/comments?post=517"}],"version-history":[{"count":80,"href":"https:\/\/ddmsikula.cz\/index.php\/wp-json\/wp\/v2\/pages\/517\/revisions"}],"predecessor-version":[{"id":4130,"href":"https:\/\/ddmsikula.cz\/index.php\/wp-json\/wp\/v2\/pages\/517\/revisions\/4130"}],"wp:attachment":[{"href":"https:\/\/ddmsikula.cz\/index.php\/wp-json\/wp\/v2\/media?parent=517"}],"curies":[{"name":"wp","href":"https:\/\/api.w.org\/{rel}","templated":true}]}}