{"id":723,"date":"2020-09-18T09:21:30","date_gmt":"2020-09-18T07:21:30","guid":{"rendered":"http:\/\/test.ddmsikula.cz\/?page_id=723"},"modified":"2026-01-15T21:07:50","modified_gmt":"2026-01-15T20:07:50","slug":"pctrnka","status":"publish","type":"page","link":"http:\/\/ddmsikula.cz\/index.php\/pctrnka\/","title":{"rendered":"PC Trnka"},"content":{"rendered":"<div class='flex_column_table av-equal-height-column-flextable -flextable' ><div class=\"flex_column av_one_fourth  flex_column_table_cell av-equal-height-column av-align-top avia-link-column av-column-link first  avia-builder-el-0  el_before_av_one_fourth  avia-builder-el-first  \" style='background: #ffffff; padding:30px 20px 20px 20px ; background-color:#ffffff; border-radius:0px; ' data-link-column-url=\"http:\/\/ddmsikula.cz\/index.php\/vyukove-programy-pc-trnka\/\" ><a class=\"av-screen-reader-only\" href=http:\/\/ddmsikula.cz\/index.php\/vyukove-programy-pc-trnka\/ >Link to: V\u00fdukov\u00e9 programy PC Trnka<\/a><p><span  class=\"av_font_icon avia_animate_when_visible avia-icon-animate  av-icon-style-border  avia-icon-pos-center \" style=\"color:#008e07; border-color:#008e07;\"><a href='http:\/\/ddmsikula.cz\/index.php\/vyukove-programy-pc-trnka\/'   class='av-icon-char' style='font-size:90px;line-height:90px;width:90px;' aria-hidden='true' data-av_icon='\ue84e' data-av_iconfont='entypo-fontello' ><\/a><\/span><br \/>\n<div  style='padding-bottom:10px; color:#008e07;' class='av-special-heading av-special-heading-h5 custom-color-heading blockquote elegant-quote elegant-centered  avia-builder-el-2  el_after_av_font_icon  avia-builder-el-last  '><h5 class='av-special-heading-tag '  itemprop=\"headline\"  ><span class=\"heading-wrap\">V\u00fdukov\u00e9 programy<\/span><\/h5><div class='special-heading-border'><div class='special-heading-inner-border' style='border-color:#008e07'><\/div><\/div><\/div><\/p><\/div>\n<div class='av-flex-placeholder'><\/div><div class=\"flex_column av_one_fourth  flex_column_table_cell av-equal-height-column av-align-top avia-link-column av-column-link   avia-builder-el-3  el_after_av_one_fourth  el_before_av_one_fourth  \" style='background: #ffffff; padding:30px 20px 20px 20px ; background-color:#ffffff; border-radius:0px; ' data-link-column-url=\"http:\/\/ddmsikula.cz\/index.php\/kurzy\/\" ><a class=\"av-screen-reader-only\" href=http:\/\/ddmsikula.cz\/index.php\/kurzy\/ >Link to: Kurzy<\/a><p><span  class=\"av_font_icon avia_animate_when_visible avia-icon-animate  av-icon-style-border  avia-icon-pos-center \" style=\"color:#008e07; border-color:#008e07;\"><a href='http:\/\/ddmsikula.cz\/index.php\/kurzy\/'   class='av-icon-char' style='font-size:90px;line-height:90px;width:90px;' aria-hidden='true' data-av_icon='\ue826' data-av_iconfont='entypo-fontello' ><\/a><\/span><br \/>\n<div  style='padding-bottom:10px; color:#008e07;' class='av-special-heading av-special-heading-h5 custom-color-heading blockquote elegant-quote elegant-centered  avia-builder-el-5  el_after_av_font_icon  avia-builder-el-last  '><h5 class='av-special-heading-tag '  itemprop=\"headline\"  ><span class=\"heading-wrap\">Kurzy<\/span><\/h5><div class='special-heading-border'><div class='special-heading-inner-border' style='border-color:#008e07'><\/div><\/div><\/div><\/p><\/div>\n<div class='av-flex-placeholder'><\/div><div class=\"flex_column av_one_fourth  flex_column_table_cell av-equal-height-column av-align-top avia-link-column av-column-link   avia-builder-el-6  el_after_av_one_fourth  el_before_av_one_fourth  \" style='background: #ffffff; padding:30px 20px 20px 20px ; background-color:#ffffff; border-radius:0px; ' data-link-column-url=\"http:\/\/ddmsikula.cz\/index.php\/1936-2\/\" ><a class=\"av-screen-reader-only\" href=http:\/\/ddmsikula.cz\/index.php\/1936-2\/ >Link to: Publikace ke sta\u017een\u00ed<\/a><p><span  class=\"av_font_icon avia_animate_when_visible avia-icon-animate  av-icon-style-border  avia-icon-pos-center \" style=\"color:#008e07; border-color:#008e07;\"><a href='http:\/\/ddmsikula.cz\/index.php\/1936-2\/'   class='av-icon-char' style='font-size:90px;line-height:90px;width:90px;' aria-hidden='true' data-av_icon='\ue82d' data-av_iconfont='entypo-fontello' ><\/a><\/span><br \/>\n<div  style='padding-bottom:10px; color:#008e07;' class='av-special-heading av-special-heading-h5 custom-color-heading blockquote elegant-quote elegant-centered  avia-builder-el-8  el_after_av_font_icon  avia-builder-el-last  '><h5 class='av-special-heading-tag '  itemprop=\"headline\"  ><span class=\"heading-wrap\">Publikace ke sta\u017een\u00ed<\/span><\/h5><div class='special-heading-border'><div class='special-heading-inner-border' style='border-color:#008e07'><\/div><\/div><\/div><\/p><\/div>\n<div class='av-flex-placeholder'><\/div><div class=\"flex_column av_one_fourth  flex_column_table_cell av-equal-height-column av-align-top avia-link-column av-column-link   avia-builder-el-9  el_after_av_one_fourth  el_before_av_three_fourth  \" style='background: #ffffff; padding:30px 20px 20px 20px ; background-color:#ffffff; border-radius:0px; ' data-link-column-url=\"http:\/\/ddmsikula.cz\/index.php\/1621-2\/\" ><a class=\"av-screen-reader-only\" href=http:\/\/ddmsikula.cz\/index.php\/1621-2\/ >Link to: Soukrom\u00fd: \u0160IBAL &#8211; hleda\u010dky<\/a><p><span  class=\"av_font_icon avia_animate_when_visible avia-icon-animate  av-icon-style-border  avia-icon-pos-center \" style=\"color:#008e07; border-color:#008e07;\"><a href='http:\/\/ddmsikula.cz\/index.php\/1621-2\/'   class='av-icon-char' style='font-size:90px;line-height:90px;width:90px;' aria-hidden='true' data-av_icon='\ue842' data-av_iconfont='entypo-fontello' ><\/a><\/span><br \/>\n<div  style='padding-bottom:10px; color:#008e07;' class='av-special-heading av-special-heading-h5 custom-color-heading blockquote elegant-quote elegant-centered  avia-builder-el-11  el_after_av_font_icon  avia-builder-el-last  '><h5 class='av-special-heading-tag '  itemprop=\"headline\"  ><span class=\"heading-wrap\">Hleda\u010dky<\/span><\/h5><div class='special-heading-border'><div class='special-heading-inner-border' style='border-color:#008e07'><\/div><\/div><\/div><\/p><\/div><\/div><!--close column table wrapper. Autoclose: 1 -->\n<div class=\"flex_column av_three_fourth  flex_column_div av-zero-column-padding first  avia-builder-el-12  el_after_av_one_fourth  el_before_av_one_fourth  column-top-margin\" style='border-radius:0px; '><p><div  style='padding-bottom:10px; ' class='av-special-heading av-special-heading-h3    avia-builder-el-13  el_before_av_textblock  avia-builder-el-first  '><h3 class='av-special-heading-tag '  itemprop=\"headline\"  >Pobo\u010dka P\u0159\u00edrodov\u011bdn\u00e9 centrum Trnka<\/h3><div class='special-heading-border'><div class='special-heading-inner-border' ><\/div><\/div><\/div><br \/>\n<section class=\"av_textblock_section \"  itemscope=\"itemscope\" itemtype=\"https:\/\/schema.org\/CreativeWork\" ><div class='avia_textblock  '   itemprop=\"text\" ><div class=\"nadpisstrany\">Jsme jedn\u00edm z&nbsp;<strong>odd\u011blen\u00ed Domu d\u011bt\u00ed a ml\u00e1de\u017ee \u0160ikula v&nbsp;Uhersk\u00e9m Hradi\u0161ti<\/strong>. N\u00e1\u0161 vznik byl v&nbsp;roce 2007 podpo\u0159en Zl\u00ednsk\u00fdm krajem. M\u016f\u017eete n\u00e1s naj\u00edt v&nbsp;Uhersk\u00e9m Hradi\u0161ti v&nbsp;m\u011bstsk\u00e9 \u010d\u00e1sti \u0160t\u011bpnice, kde sd\u00edl\u00edme budovu se Z\u0160 Za Alej\u00ed (zadn\u00ed vchod).<\/div>\n<div class=\"text\">\n<p>Na\u0161\u00edm \u00fakolem je nab\u00eddnout ve\u0159ejnosti, \u0161kol\u00e1m i jin\u00fdm instituc\u00edm v\u0161estrannou pomoc na poli environment\u00e1ln\u00edho vzd\u011bl\u00e1v\u00e1n\u00ed a v\u00fdchovy. Proto\u017ee chceme inspirovat, sami se v&nbsp;r\u00e1mci mo\u017enost\u00ed chov\u00e1me uv\u011bdom\u011ble ve vztahu k&nbsp;p\u0159\u00edrod\u011b a cel\u00fd n\u00e1\u0161 provoz je protk\u00e1n snahou o jeho \u0161etrn\u00fd chod.<\/p>\n<p>R\u00e1di u n\u00e1s nebo na na\u0161ich akc\u00edch uv\u00edt\u00e1me v\u0161echny bez rozd\u00edlu v\u011bku, rasy nebo zdravotn\u00edho omezen\u00ed. V\u0161em se budeme v\u011bnovat naplno a s&nbsp;radost\u00ed. Dve\u0159e jsou otev\u0159eny ka\u017ed\u00e9mu, kdo m\u00e1 z\u00e1jem \u017e\u00edt spokojen\u00fd a kvalitn\u00ed \u017eivot, pozn\u00e1vat historii, tradice a p\u0159\u00edrodn\u011b-kulturn\u00ed d\u011bdictv\u00ed sv\u00e9ho okol\u00ed. Srde\u010dn\u011b zveme v\u0161echny k&nbsp;n\u00e1v\u0161t\u011bv\u011b na\u0161ich akc\u00ed.<\/p>\n<p class=\"malynadpis\">Posl\u00e1n\u00ed p\u0159\u00edrodov\u011bdn\u00e9ho centra TRNKA<\/p>\n<p><strong>Z\u00e1kladn\u00edm posl\u00e1n\u00edm je p\u0159isp\u011bt k&nbsp;zlep\u0161ov\u00e1n\u00ed stavu \u017eivotn\u00edho prost\u0159ed\u00ed a zkvalitn\u011bn\u00ed \u017eivota t\u00e9to i dal\u0161\u00edch generac\u00ed zvy\u0161ov\u00e1n\u00edm environment\u00e1ln\u00edho pov\u011bdom\u00ed v\u0161ech skupin spole\u010dnosti.<\/strong><\/p>\n<p>St\u0159edem na\u0161eho z\u00e1jmu je region Uhersk\u00e9ho Hradi\u0161t\u011b, ale na\u0161e p\u016fsoben\u00ed se j\u00edm neomezuje. Majoritn\u00ed \u010d\u00e1st na\u0161ich aktivit je sm\u011b\u0159ov\u00e1na k&nbsp;d\u011btem a ml\u00e1de\u017ei, proto\u017ee c\u00edt\u00edme, \u017ee budouc\u00ed kvalita a existence \u017eivotn\u00edho prost\u0159ed\u00ed \u010dlov\u011bka i ostatn\u00edch bytost\u00ed bude formov\u00e1na p\u0159edev\u0161\u00edm chov\u00e1n\u00edm a osobn\u00ed zodpov\u011bdnost\u00ed v\u016f\u010di p\u0159\u00edrod\u011b nejbli\u017e\u0161\u00edch nast\u00e1vaj\u00edc\u00edch generac\u00ed. Neopom\u00edj\u00edme v\u0161ak ani ostatn\u00ed skupiny spole\u010dnosti, kter\u00e9 maj\u00ed vliv zejm\u00e9na na sou\u010dasn\u00fd stav \u017eivotn\u00edho prost\u0159ed\u00ed.<\/p>\n<\/div>\n<\/div><\/section><\/p><\/div>\n<div class=\"flex_column av_one_fourth  flex_column_div   avia-builder-el-15  el_after_av_three_fourth  avia-builder-el-last  column-top-margin\" style='background: #ffffff; padding:30px; background-color:#ffffff; border-radius:0px; '><p><div  class='avia-image-container  av-styling-    avia-builder-el-16  el_before_av_hr  avia-builder-el-first  avia-align-center '  itemprop=\"image\" itemscope=\"itemscope\" itemtype=\"https:\/\/schema.org\/ImageObject\"  ><div class='avia-image-container-inner'><div class='avia-image-overlay-wrap'><img class='wp-image-25 avia-img-lazy-loading-not-25 avia_image' src=\"http:\/\/ddmsikula.cz\/wp-content\/uploads\/2020\/01\/logo_podelne-300x61.gif\" alt='' title='logo_podelne' height=\"61\" width=\"300\"  itemprop=\"thumbnailUrl\" srcset=\"http:\/\/ddmsikula.cz\/wp-content\/uploads\/2020\/01\/logo_podelne-300x61.gif 300w, http:\/\/ddmsikula.cz\/wp-content\/uploads\/2020\/01\/logo_podelne-1030x208.gif 1030w, http:\/\/ddmsikula.cz\/wp-content\/uploads\/2020\/01\/logo_podelne-768x155.gif 768w, http:\/\/ddmsikula.cz\/wp-content\/uploads\/2020\/01\/logo_podelne-1536x310.gif 1536w, http:\/\/ddmsikula.cz\/wp-content\/uploads\/2020\/01\/logo_podelne-2048x414.gif 2048w, http:\/\/ddmsikula.cz\/wp-content\/uploads\/2020\/01\/logo_podelne-1500x303.gif 1500w, http:\/\/ddmsikula.cz\/wp-content\/uploads\/2020\/01\/logo_podelne-705x142.gif 705w\" sizes=\"(max-width: 300px) 100vw, 300px\" \/><\/div><\/div><\/div><br \/>\n<div   class='hr hr-default   avia-builder-el-17  el_after_av_image  el_before_av_icon_box '><span class='hr-inner ' ><span class='hr-inner-style'><\/span><\/span><\/div><br \/>\n<article  class=\"iconbox iconbox_left    avia-builder-el-18  el_after_av_hr  el_before_av_icon_box  \"  itemscope=\"itemscope\" itemtype=\"https:\/\/schema.org\/CreativeWork\" ><div class=\"iconbox_content\"><header class=\"entry-content-header\"><div class=\"iconbox_icon heading-color\" aria-hidden='true' data-av_icon='\ue80a' data-av_iconfont='entypo-fontello'  style='color:#209740; ' ><\/div><\/header><div class='iconbox_content_container  '  itemprop=\"text\"  ><h3 class=\"av-special-heading-tag \">Mgr. Mark\u00e9ta Pod\u0161kubkova<\/h3>\n<div class=\"av-subheading av-subheading_below \">\n<p>vedouc\u00ed P\u0159\u00edrodov\u011bdn\u00e9ho centra TRNKA<br \/>\n(z\u00e1stup za Mgr. Lenku Pavel\u010d\u00edkovou na mate\u0159sk\u00e9 dovolen\u00e9)<\/p>\n<\/div>\n<div class=\"av-subheading av-subheading_below \"><\/div>\n<\/div><\/div><footer class=\"entry-footer\"><\/footer><\/article><br \/>\n<article  class=\"iconbox iconbox_left    avia-builder-el-19  el_after_av_icon_box  el_before_av_icon_box  \"  itemscope=\"itemscope\" itemtype=\"https:\/\/schema.org\/CreativeWork\" ><div class=\"iconbox_content\"><header class=\"entry-content-header\"><a href='http:\/\/www.trnka.xf.cz' title='' target=\"_blank\" rel=\"noopener noreferrer\" class=\"iconbox_icon heading-color\" aria-hidden='true' data-av_icon='\ue805' data-av_iconfont='entypo-fontello' style='color:#209740; '><\/a><\/header><div class='iconbox_content_container  '  itemprop=\"text\"  ><p>marketa.podskubkova@ddmsikula.cz<\/p>\n<\/div><\/div><footer class=\"entry-footer\"><\/footer><\/article><br \/>\n<article  class=\"iconbox iconbox_left    avia-builder-el-20  el_after_av_icon_box  el_before_av_icon_box  \"  itemscope=\"itemscope\" itemtype=\"https:\/\/schema.org\/CreativeWork\" ><div class=\"iconbox_content\"><header class=\"entry-content-header\"><div class=\"iconbox_icon heading-color\" aria-hidden='true' data-av_icon='\ue8ac' data-av_iconfont='entypo-fontello'  style='color:#209740; ' ><\/div><\/header><div class='iconbox_content_container  '  itemprop=\"text\"  ><p>733&nbsp;500&nbsp;233<\/p>\n<\/div><\/div><footer class=\"entry-footer\"><\/footer><\/article><br \/>\n<article  class=\"iconbox iconbox_left    avia-builder-el-21  el_after_av_icon_box  el_before_av_icon_box  \"  itemscope=\"itemscope\" itemtype=\"https:\/\/schema.org\/CreativeWork\" ><div class=\"iconbox_content\"><header class=\"entry-content-header\"><div class=\"iconbox_icon heading-color\" aria-hidden='true' data-av_icon='\ue821' data-av_iconfont='entypo-fontello'  style='color:#209740; ' ><\/div><\/header><div class='iconbox_content_container  '  itemprop=\"text\"  ><p>P\u0159\u00edrodov\u011bdn\u00e9 centrum TRNKA p\u0159i Dom\u011b d\u011bt\u00ed a ml\u00e1de\u017ee Uhersk\u00e9 Hradi\u0161t\u011b<br \/>\nZa Alej\u00ed 1072<br \/>\nUhersk\u00e9 Hradi\u0161t\u011b<br \/>\n686&nbsp;06<\/p>\n<\/div><\/div><footer class=\"entry-footer\"><\/footer><\/article><br \/>\n<article  class=\"iconbox iconbox_left    avia-builder-el-22  el_after_av_icon_box  el_before_av_icon_box  \"  itemscope=\"itemscope\" itemtype=\"https:\/\/schema.org\/CreativeWork\" ><div class=\"iconbox_content\"><header class=\"entry-content-header\"><a href='https:\/\/www.facebook.com\/trnka.uh' title=''  class=\"iconbox_icon heading-color\" aria-hidden='true' data-av_icon='\ue842' data-av_iconfont='entypo-fontello'  style='color:#209740; ' ><\/a><\/header><div class='iconbox_content_container  '  itemprop=\"text\"  ><p>49\u00b04&#8217;5.486&#8243;N, 17\u00b027&#8217;2.230&#8243;E<\/p>\n<\/div><\/div><footer class=\"entry-footer\"><\/footer><\/article><br \/>\n<article  class=\"iconbox iconbox_left    avia-builder-el-23  el_after_av_icon_box  el_before_av_codeblock  \"  itemscope=\"itemscope\" itemtype=\"https:\/\/schema.org\/CreativeWork\" ><div class=\"iconbox_content\"><header class=\"entry-content-header\"><a href='https:\/\/www.facebook.com\/trnka.uh' title=''  class=\"iconbox_icon heading-color\" aria-hidden='true' data-av_icon='\ue8f4' data-av_iconfont='entypo-fontello'  style='color:#209740; ' ><\/a><\/header><div class='iconbox_content_container  '  itemprop=\"text\"  ><p>PC Trnka<\/p>\n<\/div><\/div><footer class=\"entry-footer\"><\/footer><\/article><br \/>\n<\/p><\/div>\n","protected":false},"excerpt":{"rendered":"","protected":false},"author":1,"featured_media":0,"parent":0,"menu_order":0,"comment_status":"closed","ping_status":"closed","template":"","meta":[],"_links":{"self":[{"href":"http:\/\/ddmsikula.cz\/index.php\/wp-json\/wp\/v2\/pages\/723"}],"collection":[{"href":"http:\/\/ddmsikula.cz\/index.php\/wp-json\/wp\/v2\/pages"}],"about":[{"href":"http:\/\/ddmsikula.cz\/index.php\/wp-json\/wp\/v2\/types\/page"}],"author":[{"embeddable":true,"href":"http:\/\/ddmsikula.cz\/index.php\/wp-json\/wp\/v2\/users\/1"}],"replies":[{"embeddable":true,"href":"http:\/\/ddmsikula.cz\/index.php\/wp-json\/wp\/v2\/comments?post=723"}],"version-history":[{"count":53,"href":"http:\/\/ddmsikula.cz\/index.php\/wp-json\/wp\/v2\/pages\/723\/revisions"}],"predecessor-version":[{"id":4156,"href":"http:\/\/ddmsikula.cz\/index.php\/wp-json\/wp\/v2\/pages\/723\/revisions\/4156"}],"wp:attachment":[{"href":"http:\/\/ddmsikula.cz\/index.php\/wp-json\/wp\/v2\/media?parent=723"}],"curies":[{"name":"wp","href":"https:\/\/api.w.org\/{rel}","templated":true}]}}