{"id":146,"date":"2020-01-06T08:22:45","date_gmt":"2020-01-06T07:22:45","guid":{"rendered":"http:\/\/test.ddmsikula.cz\/?page_id=146"},"modified":"2026-01-26T19:28:03","modified_gmt":"2026-01-26T18:28:03","slug":"nabidka-taboru","status":"publish","type":"page","link":"http:\/\/ddmsikula.cz\/index.php\/nabidka-taboru\/","title":{"rendered":"T\u00e1bory 2026"},"content":{"rendered":"<div class=\"flex_column av_two_third  flex_column_div av-zero-column-padding first  avia-builder-el-0  el_before_av_one_third  avia-builder-el-first  \" style='border-radius:0px; '><p><div  style='padding-bottom:10px; ' class='av-special-heading av-special-heading-h3    avia-builder-el-1  el_before_av_textblock  avia-builder-el-first  '><h3 class='av-special-heading-tag '  itemprop=\"headline\"  >P\u0159\u00edm\u011bstsk\u00fd t\u00e1bor o jarn\u00edch pr\u00e1zdnin\u00e1ch 2. &#8211; 6. 3. 2026<\/h3><div class='special-heading-border'><div class='special-heading-inner-border' ><\/div><\/div><\/div><br \/>\n<section class=\"av_textblock_section \"  itemscope=\"itemscope\" itemtype=\"https:\/\/schema.org\/CreativeWork\" ><div class='avia_textblock  '   itemprop=\"text\" ><p>P\u0159ihlaste se jen na n\u011bkter\u00e9 dny, nebo rovnou na cel\u00fd t\u00fdden :).<\/p>\n<\/div><\/section><br \/>\n<br \/>\n<div  style='padding-bottom:10px; ' class='av-special-heading av-special-heading-h3    avia-builder-el-4  el_after_av_codeblock  el_before_av_textblock  '><h3 class='av-special-heading-tag '  itemprop=\"headline\"  >Letn\u00ed t\u00e1bory 2026<\/h3><div class='special-heading-border'><div class='special-heading-inner-border' ><\/div><\/div><\/div><br \/>\n<section class=\"av_textblock_section \"  itemscope=\"itemscope\" itemtype=\"https:\/\/schema.org\/CreativeWork\" ><div class='avia_textblock  '   itemprop=\"text\" ><p><strong><img loading=\"lazy\" class=\"size-medium wp-image-4180 alignright\" src=\"http:\/\/ddmsikula.cz\/wp-content\/uploads\/2026\/01\/tabory_nabidka_2026-220x300.jpg\" alt=\"\" width=\"220\" height=\"300\" srcset=\"http:\/\/ddmsikula.cz\/wp-content\/uploads\/2026\/01\/tabory_nabidka_2026-220x300.jpg 220w, http:\/\/ddmsikula.cz\/wp-content\/uploads\/2026\/01\/tabory_nabidka_2026-755x1030.jpg 755w, http:\/\/ddmsikula.cz\/wp-content\/uploads\/2026\/01\/tabory_nabidka_2026-768x1048.jpg 768w, http:\/\/ddmsikula.cz\/wp-content\/uploads\/2026\/01\/tabory_nabidka_2026-1126x1536.jpg 1126w, http:\/\/ddmsikula.cz\/wp-content\/uploads\/2026\/01\/tabory_nabidka_2026-1501x2048.jpg 1501w, http:\/\/ddmsikula.cz\/wp-content\/uploads\/2026\/01\/tabory_nabidka_2026-1100x1500.jpg 1100w, http:\/\/ddmsikula.cz\/wp-content\/uploads\/2026\/01\/tabory_nabidka_2026-517x705.jpg 517w, http:\/\/ddmsikula.cz\/wp-content\/uploads\/2026\/01\/tabory_nabidka_2026-scaled.jpg 1877w\" sizes=\"(max-width: 220px) 100vw, 220px\" \/>Podm\u00ednky a INFORMACE\u00a0 k&nbsp;letn\u00edm t\u00e1bor\u016fm 2026<\/strong><\/p>\n<p>R\u00e1di bychom v\u00e1s informovali o podm\u00ednk\u00e1ch u p\u0159ihla\u0161ov\u00e1n\u00ed na letn\u00ed t\u00e1bory. P\u0159ejeme si, aby na\u0161e nab\u00eddka byla p\u0159\u00edstupn\u00e1 v\u0161em, kte\u0159\u00ed s&nbsp;n\u00e1mi cht\u011bj\u00ed tr\u00e1vit sv\u00e9 voln\u00e9 pr\u00e1zdninov\u00e9 dny.<\/p>\n<p>P\u0159ihla\u0161ov\u00e1n\u00ed na v\u0161echny pobytov\u00e9 i p\u0159\u00edm\u011bstsk\u00e9 t\u00e1bory prob\u00edh\u00e1 od 1.2.2026 od 00.00 prost\u0159ednictv\u00edm elektronick\u00e9 p\u0159ihl\u00e1\u0161ky, kterou najdete na na\u0161em webu nebo na <a href=\"https:\/\/ddmsikula.iddm.cz\">https:\/\/ddmsikula.iddm.cz<\/a> tak jako v\u00a0minul\u00fdch letech.<\/p>\n<p>P\u0159i vypl\u0148ov\u00e1n\u00ed p\u0159ihl\u00e1\u0161ky je t\u0159eba si nejprve v\u00a0on-line klientsk\u00e9m centru DDM \u0160ikula z\u0159\u00eddit \u00fa\u010det a p\u0159idat si do n\u011bho d\u011bti, kter\u00e9 chcete na t\u00e1bor p\u0159ihl\u00e1sit (pokud jste tak u\u017e neu\u010dinili p\u0159i p\u0159ihla\u0161ov\u00e1n\u00ed na krou\u017eky).<\/p>\n<p>Po p\u0159ihl\u00e1\u0161en\u00ed do syst\u00e9mu v\u00e1m bude potvrzena p\u0159ihl\u00e1\u0161ka do 8 pracovn\u00edch dn\u016f.<br \/>\n<strong>P\u0158IHL\u00c1\u0160KU NEN\u00cd POT\u0158EBA TISKNOUT A FYZICKY ODEVZD\u00c1VAT.<\/strong><\/p>\n<p>U letn\u00edch t\u00e1bor\u016f je stanovena nevratn\u00e1 z\u00e1loha ve v\u00fd\u0161i 500,&#8211; K\u010d, kter\u00e1 mus\u00ed b\u00fdt uhrazena nejpozd\u011bji do 14 dn\u016f od potvrzen\u00ed p\u0159ihl\u00e1\u0161ky, cel\u00e1 platba t\u00e1bora pak mus\u00ed b\u00fdt zaplacena nejpozd\u011bji do 15.&nbsp;dubna 2026. Bude na v\u00e1s, zda uhrad\u00edte okam\u017eit\u011b celou \u010d\u00e1stku nebo pouze z\u00e1lohu a potom zbytek platby. Po domluv\u011b s&nbsp;\u0159editelkou DDM je mo\u017en\u00e9 uhradit t\u00e1bor dle jin\u00fdch podm\u00ednek. <strong>Pokud z\u00e1loha nebude uhrazena, automaticky je va\u0161e d\u00edt\u011b z&nbsp;t\u00e1bora vy\u0159azeno.<\/strong><\/p>\n<p>Samoz\u0159ejm\u011b ch\u00e1peme, \u017ee to pro n\u011bkter\u00e9 m\u016f\u017ee b\u00fdt komplikovan\u00e9. Proto se v\u00a0p\u0159\u00edpad\u011b probl\u00e9m\u016f s\u00a0platbou obra\u0165te na veden\u00ed DDM, pop\u0159. \u00fa\u010detn\u00ed. Jist\u011b se domluv\u00edme na n\u011bjak\u00e9m \u0159e\u0161en\u00ed. Zva\u017eujte, zda je pro v\u00e1s smyslupln\u00e9 p\u0159ihla\u0161ovat d\u00edt\u011b v\u00a0jeden term\u00edn na v\u00edce t\u00e1bor\u016f! Na\u0161\u00edm c\u00edlem je nab\u00eddnout aktivity pro co nejv\u00edce d\u011bt\u00ed a vytvo\u0159it tak spravedliv\u00fd syst\u00e9m.<\/p>\n<p>D\u011bkujeme za pochopen\u00ed a t\u011b\u0161\u00edme se na l\u00e9to 2026.<\/p>\n<\/div><\/section><br \/>\n<section class=\"av_textblock_section \"  itemscope=\"itemscope\" itemtype=\"https:\/\/schema.org\/CreativeWork\" ><div class='avia_textblock  '   itemprop=\"text\" ><p><a href=\"http:\/\/ddmsikula.cz\/wp-content\/uploads\/2026\/01\/tabory_nabidka_2026.pdf\" target=\"_blank\" rel=\"noopener\">Nab\u00eddka t\u00e1bor\u016f k&nbsp;tisku zde.<\/a><\/p>\n<\/div><\/section><br \/>\n<div   class='hr hr-default  av-desktop-hide av-medium-hide av-small-hide av-mini-hide  avia-builder-el-7  el_after_av_textblock  el_before_av_textblock '><span class='hr-inner ' ><span class='hr-inner-style'><\/span><\/span><\/div><br \/>\n<section class=\"av_textblock_section  av-desktop-hide av-medium-hide av-small-hide av-mini-hide\"  itemscope=\"itemscope\" itemtype=\"https:\/\/schema.org\/CreativeWork\" ><div class='avia_textblock  '   itemprop=\"text\" ><p><a href=\"http:\/\/ddmsikula.cz\/wp-content\/uploads\/2025\/06\/taborovy_rad.doc\" target=\"_blank\" rel=\"noopener\">T\u00c1BOROV\u00dd \u0158\u00c1D<\/a><\/p>\n<p><a href=\"http:\/\/ddmsikula.cz\/wp-content\/uploads\/2025\/06\/informace_o_diteti.doc\" target=\"_blank\" rel=\"noopener\">Informace o d\u00edt\u011bti<\/a><br \/>\n<a href=\"http:\/\/ddmsikula.cz\/wp-content\/uploads\/2025\/06\/Bezinfe._-_deti.pdf\" target=\"_blank\" rel=\"noopener\">Prohl\u00e1\u0161en\u00ed o bezinfek\u010dnosti<\/a><br \/>\n<a href=\"http:\/\/ddmsikula.cz\/wp-content\/uploads\/2025\/06\/potvrzeni_od_lekare__1.pdf\" target=\"_blank\" rel=\"noopener\">Potvrzen\u00ed od l\u00e9ka\u0159e<\/a><br \/>\n<a href=\"http:\/\/ddmsikula.cz\/wp-content\/uploads\/2025\/06\/souhlas_s_odchodem_ditete_z_tabora_samostatne.doc\" target=\"_blank\" rel=\"noopener\">Souhlas se samostatn\u00fdm odchodem d\u00edt\u011bte<\/a><br \/>\n<a href=\"http:\/\/ddmsikula.cz\/wp-content\/uploads\/2025\/06\/souhlas_s_vyzvedavanim_ditete_cizi_osobou.doc\" target=\"_blank\" rel=\"noopener\">Souhlas s&nbsp;vyzvednut\u00ed d\u00edt\u011bte ciz\u00ed osobou<\/a><\/p>\n<\/div><\/section><\/p><\/div><div class=\"flex_column av_one_third  flex_column_div av-zero-column-padding   avia-builder-el-9  el_after_av_two_third  el_before_av_one_full  \" style='border-radius:0px; '><p><div   data-size='no scaling'  data-lightbox_size='large'  data-animation='slide'  data-conditional_play=''  data-ids='199,201,202'  data-video_counter='0'  data-autoplay='true'  data-bg_slider='false'  data-slide_height=''  data-handle='av_slideshow'  data-interval='5'  data-class=' avia-builder-el-10  el_before_av_hr  avia-builder-el-first   av-small-hide av-mini-hide'  data-el_id=''  data-css_id=''  data-scroll_down=''  data-control_layout='av-control-minimal'  data-custom_markup=''  data-perma_caption=''  data-autoplay_stopper=''  data-image_attachment=''  data-min_height='0px'  data-lazy_loading='disabled'  class='avia-slideshow avia-slideshow-1  av-control-minimal av-default-height-applied avia-slideshow-no scaling av_slideshow  avia-builder-el-10  el_before_av_hr  avia-builder-el-first   av-small-hide av-mini-hide avia-slide-slider '  itemprop=\"image\" itemscope=\"itemscope\" itemtype=\"https:\/\/schema.org\/ImageObject\" ><ul class='avia-slideshow-inner ' style='padding-bottom: 100%;' ><li  class=' slide-1 ' ><div data-rel='slideshow-1' class='avia-slide-wrap '   ><img class=\"wp-image-199 avia-img-lazy-loading-not-199\"  src=\"http:\/\/ddmsikula.cz\/wp-content\/uploads\/2020\/01\/20170803_193628-e1579615233360.jpg\" width=\"336\" height=\"336\" title='20170803_193628' alt=''  itemprop=\"thumbnailUrl\" srcset=\"http:\/\/ddmsikula.cz\/wp-content\/uploads\/2020\/01\/20170803_193628-e1579615233360.jpg 336w, http:\/\/ddmsikula.cz\/wp-content\/uploads\/2020\/01\/20170803_193628-e1579615233360-300x300.jpg 300w, http:\/\/ddmsikula.cz\/wp-content\/uploads\/2020\/01\/20170803_193628-e1579615233360-80x80.jpg 80w, http:\/\/ddmsikula.cz\/wp-content\/uploads\/2020\/01\/20170803_193628-e1579615233360-36x36.jpg 36w, http:\/\/ddmsikula.cz\/wp-content\/uploads\/2020\/01\/20170803_193628-e1579615233360-180x180.jpg 180w\" sizes=\"(max-width: 336px) 100vw, 336px\" \/><\/div><\/li><li  class=' slide-2 ' ><div data-rel='slideshow-1' class='avia-slide-wrap '   ><img class=\"wp-image-201 avia-img-lazy-loading-not-201\"  src=\"http:\/\/ddmsikula.cz\/wp-content\/uploads\/2020\/01\/20170814_143416-e1579615443961.jpg\" width=\"336\" height=\"336\" title='20170814_143416' alt=''  itemprop=\"thumbnailUrl\" srcset=\"http:\/\/ddmsikula.cz\/wp-content\/uploads\/2020\/01\/20170814_143416-e1579615443961.jpg 336w, http:\/\/ddmsikula.cz\/wp-content\/uploads\/2020\/01\/20170814_143416-e1579615443961-300x300.jpg 300w, http:\/\/ddmsikula.cz\/wp-content\/uploads\/2020\/01\/20170814_143416-e1579615443961-80x80.jpg 80w, http:\/\/ddmsikula.cz\/wp-content\/uploads\/2020\/01\/20170814_143416-e1579615443961-36x36.jpg 36w, http:\/\/ddmsikula.cz\/wp-content\/uploads\/2020\/01\/20170814_143416-e1579615443961-180x180.jpg 180w\" sizes=\"(max-width: 336px) 100vw, 336px\" \/><\/div><\/li><li  class=' slide-3 ' ><div data-rel='slideshow-1' class='avia-slide-wrap '   ><img class=\"wp-image-202 avia-img-lazy-loading-not-202\"  src=\"http:\/\/ddmsikula.cz\/wp-content\/uploads\/2020\/01\/20170814_150536-e1579615545492.jpg\" width=\"336\" height=\"336\" title='20170814_150536' alt=''  itemprop=\"thumbnailUrl\" srcset=\"http:\/\/ddmsikula.cz\/wp-content\/uploads\/2020\/01\/20170814_150536-e1579615545492.jpg 336w, http:\/\/ddmsikula.cz\/wp-content\/uploads\/2020\/01\/20170814_150536-e1579615545492-300x300.jpg 300w, http:\/\/ddmsikula.cz\/wp-content\/uploads\/2020\/01\/20170814_150536-e1579615545492-80x80.jpg 80w, http:\/\/ddmsikula.cz\/wp-content\/uploads\/2020\/01\/20170814_150536-e1579615545492-36x36.jpg 36w, http:\/\/ddmsikula.cz\/wp-content\/uploads\/2020\/01\/20170814_150536-e1579615545492-180x180.jpg 180w\" sizes=\"(max-width: 336px) 100vw, 336px\" \/><\/div><\/li><\/ul><div class='avia-slideshow-arrows avia-slideshow-controls'><a href='#prev' class='prev-slide' aria-hidden='true' data-av_icon='\ue87c' data-av_iconfont='entypo-fontello'>Previous<\/a><a href='#next' class='next-slide' aria-hidden='true' data-av_icon='\ue87d' data-av_iconfont='entypo-fontello'>Next<\/a><\/div><div class='avia-slideshow-dots avia-slideshow-controls'><a href='#1' class='goto-slide active' >1<\/a><a href='#2' class='goto-slide ' >2<\/a><a href='#3' class='goto-slide ' >3<\/a><\/div><\/div><br \/>\n<div   class='hr hr-default   avia-builder-el-11  el_after_av_slideshow  el_before_av_textblock '><span class='hr-inner ' ><span class='hr-inner-style'><\/span><\/span><\/div><br \/>\n<section class=\"av_textblock_section \"  itemscope=\"itemscope\" itemtype=\"https:\/\/schema.org\/CreativeWork\" ><div class='avia_textblock  '   itemprop=\"text\" ><p style=\"text-align: center;\">Pod tla\u010d\u00edtkem n\u00ed\u017ee m\u016f\u017eete <strong>od 1.2.2026 od 00:00<\/strong> p\u0159ihl\u00e1sit d\u011bti na t\u00e1bory. Do t\u00e9 doby je zde mo\u017en\u00e9 si pouze z\u0159\u00eddit klientsk\u00fd \u00fa\u010det a p\u0159idat si do n\u011bj d\u011bti, kter\u00e9 chcete na t\u00e1bor p\u0159ihl\u00e1sit.<\/p>\n<\/div><\/section><br \/>\n<div  class='avia-button-wrap avia-button-center  avia-builder-el-13  el_after_av_textblock  avia-builder-el-last ' ><a href='https:\/\/ddmsikula.iddm.cz\/prihlaseni' class='avia-button avia-button-fullwidth  avia-font-color-theme-color av-icon-on-hover avia-icon_select-yes-left-icon avia-color-theme-color ' target=\"_blank\" rel=\"noopener noreferrer\"><span class='avia_button_icon avia_button_icon_left' aria-hidden='true' data-av_icon='\ue82d' data-av_iconfont='entypo-fontello'><\/span><span class='avia_iconbox_title' >P\u0159ihla\u0161ov\u00e1n\u00ed na t\u00e1bory<\/span><div class='av-button-description av-button-description-below'><p>Zde se m\u016f\u017eete p\u0159ihl\u00e1sit do Klientsk\u00e9ho centra a pak na jednotliv\u00e9 t\u00e1bory<\/p>\n<\/div><span class='avia_button_background avia-button avia-button-fullwidth avia-color-theme-color' ><\/span><\/a><\/div><\/p><\/div><\/p>\n<div class=\"flex_column av_one_full  av-break-at-tablet flex_column_div av-zero-column-padding first  avia-builder-el-14  el_after_av_one_third  avia-builder-el-last  column-top-margin\" style='border-radius:0px; '><p><br \/>\n<\/p><\/div>\n","protected":false},"excerpt":{"rendered":"","protected":false},"author":1,"featured_media":0,"parent":0,"menu_order":0,"comment_status":"closed","ping_status":"closed","template":"","meta":[],"_links":{"self":[{"href":"http:\/\/ddmsikula.cz\/index.php\/wp-json\/wp\/v2\/pages\/146"}],"collection":[{"href":"http:\/\/ddmsikula.cz\/index.php\/wp-json\/wp\/v2\/pages"}],"about":[{"href":"http:\/\/ddmsikula.cz\/index.php\/wp-json\/wp\/v2\/types\/page"}],"author":[{"embeddable":true,"href":"http:\/\/ddmsikula.cz\/index.php\/wp-json\/wp\/v2\/users\/1"}],"replies":[{"embeddable":true,"href":"http:\/\/ddmsikula.cz\/index.php\/wp-json\/wp\/v2\/comments?post=146"}],"version-history":[{"count":193,"href":"http:\/\/ddmsikula.cz\/index.php\/wp-json\/wp\/v2\/pages\/146\/revisions"}],"predecessor-version":[{"id":4187,"href":"http:\/\/ddmsikula.cz\/index.php\/wp-json\/wp\/v2\/pages\/146\/revisions\/4187"}],"wp:attachment":[{"href":"http:\/\/ddmsikula.cz\/index.php\/wp-json\/wp\/v2\/media?parent=146"}],"curies":[{"name":"wp","href":"https:\/\/api.w.org\/{rel}","templated":true}]}}