{"id":1053,"date":"2021-01-24T18:39:15","date_gmt":"2021-01-24T17:39:15","guid":{"rendered":"http:\/\/test.ddmsikula.cz\/?page_id=1053"},"modified":"2021-01-24T18:39:17","modified_gmt":"2021-01-24T17:39:17","slug":"radka-turzikova-dis","status":"publish","type":"page","link":"http:\/\/ddmsikula.cz\/index.php\/radka-turzikova-dis\/","title":{"rendered":"Radka Turz\u00edkov\u00e1, DiS."},"content":{"rendered":"<div id='av_section_1'  class='avia-section main_color avia-section-default avia-no-border-styling  avia-bg-style-scroll  avia-builder-el-0  avia-builder-el-no-sibling   container_wrap fullsize' style='background-color: #ffffff;  margin-top:0px; margin-bottom:200px; '  ><div class='container' ><main  role=\"main\" itemprop=\"mainContentOfPage\"  class='template-page content  av-content-full alpha units'><div class='post-entry post-entry-type-page post-entry-1053'><div class='entry-content-wrapper clearfix'>\n<div class=\"flex_column av_one_half  flex_column_div av-zero-column-padding first  avia-builder-el-1  el_before_av_one_third  avia-builder-el-first  \" style='border-radius:0px; '><p><div  style='padding-bottom:10px; ' class='av-special-heading av-special-heading-h3    avia-builder-el-2  el_before_av_textblock  avia-builder-el-first  '><h3 class='av-special-heading-tag '  itemprop=\"headline\"  >Radka Turz\u00edkov\u00e1, DiS.<\/h3><div class='special-heading-border'><div class='special-heading-inner-border' ><\/div><\/div><\/div><br \/>\n<section class=\"av_textblock_section \"  itemscope=\"itemscope\" itemtype=\"https:\/\/schema.org\/CreativeWork\" ><div class='avia_textblock  av_inherit_color '   itemprop=\"text\" ><p><strong>Vedouc\u00ed spole\u010densko v\u011bdn\u00edho odd.<\/strong><\/p>\n<p>Muzikantka, kytaristka, hr\u00e1\u010dka na cimb\u00e1l, zp\u011bva\u010dka, prost\u011b multi\u017e\u00e1nrov\u00e1 hudebnice. Pod jej\u00ed k\u0159\u00eddla spadaj\u00ed v\u0161echny hudebn\u00ed krou\u017eky, kapela, ale tak\u00e9 jazykov\u00e9 krou\u017eky, deskov\u00e9 hry, fotografov\u00e9 a p\u0159\u00edprava \u017e\u00e1k\u016f na p\u0159ij\u00edmac\u00ed zkou\u0161ky na st\u0159edn\u00ed \u0161koly. V\u00a0dopoledn\u00edch hodin\u00e1ch se v\u011bnuje v\u00fdukov\u00fdm program\u016fm pro mate\u0159sk\u00e9 \u0161koly s\u00a0dopravn\u00ed t\u00e9matikou. Krou\u017eky jsou ur\u010den\u00e9 jak pro d\u011bti, tak i pro dosp\u011bl\u00e9.<\/p>\n<p>Radka je absolventkou Konzervato\u0159e v\u00a0Krom\u011b\u0159\u00ed\u017ei a od d\u011btstv\u00ed se v\u011bnuje hudb\u011b, h\u0159e na r\u016fzn\u00e9 hudebn\u00ed n\u00e1stroje, zejm\u00e9na na ty, kter\u00e9 maj\u00ed struny &#8211; cimb\u00e1l a kytaru. M\u00e1 vlastn\u00ed kapelu D\u011bv\u010dice a na DDM zalo\u017eila a st\u00e1le vede multi\u017e\u00e1nrovou kapelu FRAJE\u0158I.<\/p>\n<p>Je propag\u00e1torkou toho, \u017ee hudba je super v\u011bc pro v\u0161echny, kte\u0159\u00ed se cht\u011bj\u00ed nau\u010dit hr\u00e1t na hudebn\u00ed n\u00e1stroj jen pro vlastn\u00ed radost.<\/p>\n<p>Je n\u011bkolik let hlavn\u00ed vedouc\u00ed na pobytov\u00e9m hudebn\u00edm t\u00e1bo\u0159e.<\/p>\n<\/div><\/section><\/p><\/div><div class=\"flex_column av_one_third  flex_column_div av-zero-column-padding   avia-builder-el-4  el_after_av_one_half  avia-builder-el-last  \" style='border-radius:0px; '><section class=\"av_textblock_section \"  itemscope=\"itemscope\" itemtype=\"https:\/\/schema.org\/CreativeWork\" ><div class='avia_textblock  '   itemprop=\"text\" ><p><strong>\u201eHudba je m\u016fj \u017eivot\u201c<\/strong><\/p>\n<\/div><\/section><\/div>\n","protected":false},"excerpt":{"rendered":"","protected":false},"author":1,"featured_media":0,"parent":0,"menu_order":0,"comment_status":"closed","ping_status":"closed","template":"","meta":[],"_links":{"self":[{"href":"http:\/\/ddmsikula.cz\/index.php\/wp-json\/wp\/v2\/pages\/1053"}],"collection":[{"href":"http:\/\/ddmsikula.cz\/index.php\/wp-json\/wp\/v2\/pages"}],"about":[{"href":"http:\/\/ddmsikula.cz\/index.php\/wp-json\/wp\/v2\/types\/page"}],"author":[{"embeddable":true,"href":"http:\/\/ddmsikula.cz\/index.php\/wp-json\/wp\/v2\/users\/1"}],"replies":[{"embeddable":true,"href":"http:\/\/ddmsikula.cz\/index.php\/wp-json\/wp\/v2\/comments?post=1053"}],"version-history":[{"count":1,"href":"http:\/\/ddmsikula.cz\/index.php\/wp-json\/wp\/v2\/pages\/1053\/revisions"}],"predecessor-version":[{"id":1054,"href":"http:\/\/ddmsikula.cz\/index.php\/wp-json\/wp\/v2\/pages\/1053\/revisions\/1054"}],"wp:attachment":[{"href":"http:\/\/ddmsikula.cz\/index.php\/wp-json\/wp\/v2\/media?parent=1053"}],"curies":[{"name":"wp","href":"https:\/\/api.w.org\/{rel}","templated":true}]}}